{"id":94,"date":"2022-05-11T12:10:13","date_gmt":"2022-05-11T12:10:13","guid":{"rendered":"https:\/\/ams-ag.ch\/?page_id=94"},"modified":"2023-11-14T10:14:51","modified_gmt":"2023-11-14T10:14:51","slug":"leckortung","status":"publish","type":"page","link":"https:\/\/ams-ag.ch\/fr\/leckortung\/","title":{"rendered":"D\u00e9shumidification de chantier"},"content":{"rendered":"<p>[et_pb_section fb_built=&#187;1&#8243; custom_padding_last_edited=&#187;on|phone&#187; _builder_version=&#187;4.23&#8243; _module_preset=&#187;default&#187; background_image=&#187;https:\/\/ams-ag.ch\/wp-content\/uploads\/2022\/05\/schalwellen-leckortung.webp&#187; custom_padding=&#187;15rem||15rem||true|false&#187; custom_padding_tablet=&#187;15rem||15rem||true|false&#187; custom_padding_phone=&#187;5rem||5rem||true|false&#187; hover_enabled=&#187;0&#8243; global_colors_info=&#187;{}&#187; title_text=&#187;schalwellen-leckortung&#187; sticky_enabled=&#187;0&#8243;][et_pb_row column_structure=&#187;1_2,1_2&#8243; _builder_version=&#187;4.17.3&#8243; _module_preset=&#187;default&#187; global_colors_info=&#187;{}&#187;][et_pb_column type=&#187;1_2&#8243; _builder_version=&#187;4.17.3&#8243; _module_preset=&#187;default&#187; global_colors_info=&#187;{}&#187;][et_pb_text _builder_version=&#187;4.17.3&#8243; _module_preset=&#187;default&#187; header_font=&#187;Montserrat|||on|||||&#187; header_text_color=&#187;#FFFFFF&#187; header_font_size=&#187;28px&#187; background_color=&#187;#1692D8&#8243; text_orientation=&#187;center&#187; custom_margin=&#187;0px|0px|0px|0px|true|true&#187; custom_padding=&#187;11px|0px|6px|0px|false|true&#187; global_colors_info=&#187;{}&#187;]<\/p>\n<h1>Leckortung<\/h1>\n<p>[\/et_pb_text][et_pb_text _builder_version=&#187;4.17.3&#8243; _module_preset=&#187;default&#187; header_font=&#187;Montserrat|||on|||||&#187; header_text_color=&#187;#FFFFFF&#187; header_font_size=&#187;34px&#187; header_2_font=&#187;Montserrat|||on|||||&#187; header_2_text_color=&#187;#FFFFFF&#187; header_2_font_size=&#187;22px&#187; background_color=&#187;#1692D8&#8243; text_orientation=&#187;center&#187; custom_margin=&#187;10px||||false|false&#187; custom_padding=&#187;11px||6px||false|false&#187; global_colors_info=&#187;{}&#187;]<\/p>\n<h2>Zerst\u00f6rungsfreie Leckortung<\/h2>\n<p>[\/et_pb_text][\/et_pb_column][et_pb_column type=&#187;1_2&#8243; _builder_version=&#187;4.17.3&#8243; _module_preset=&#187;default&#187; global_colors_info=&#187;{}&#187;][\/et_pb_column][\/et_pb_row][\/et_pb_section][et_pb_section fb_built=&#187;1&#8243; _builder_version=&#187;4.17.3&#8243; _module_preset=&#187;default&#187; background_enable_color=&#187;off&#187; global_colors_info=&#187;{}&#187;][et_pb_row _builder_version=&#187;4.17.3&#8243; _module_preset=&#187;default&#187; global_colors_info=&#187;{}&#187;][et_pb_column type=&#187;4_4&#8243; _builder_version=&#187;4.17.3&#8243; _module_preset=&#187;default&#187; global_colors_info=&#187;{}&#187;][et_pb_text _builder_version=&#187;4.17.3&#8243; _module_preset=&#187;default&#187; header_2_font=&#187;|600||on|||||&#187; header_2_text_align=&#187;center&#187; header_2_text_color=&#187;#1692D8&#8243; global_colors_info=&#187;{}&#187;]<\/p>\n<h2>Leckortung<\/h2>\n<p>[\/et_pb_text][et_pb_text _builder_version=&#187;4.17.3&#8243; _module_preset=&#187;default&#187; text_font=&#187;Montserrat|300|||||||&#187; text_text_color=&#187;#131313&#8243; text_font_size=&#187;16px&#187; global_colors_info=&#187;{}&#187;]Ist die Ursache des Wasserschadens nicht offensichtlich und lokalisiert, kommt die zerst\u00f6rungsfreie Leckortung zum Einsatz. Daf\u00fcr stehen unterschiedliche technische Ger\u00e4te zur Verf\u00fcgung, die M\u00e4ngel oder Lecks am Rohrleitungssystem zuverl\u00e4ssig orten.[\/et_pb_text][\/et_pb_column][\/et_pb_row][\/et_pb_section][et_pb_section fb_built=&#187;1&#8243; _builder_version=&#187;4.17.3&#8243; _module_preset=&#187;default&#187; background_color=&#187;#f9f9f9&#8243; global_colors_info=&#187;{}&#187;][et_pb_row _builder_version=&#187;4.17.3&#8243; _module_preset=&#187;default&#187; global_colors_info=&#187;{}&#187;][et_pb_column type=&#187;4_4&#8243; _builder_version=&#187;4.17.3&#8243; _module_preset=&#187;default&#187; global_colors_info=&#187;{}&#187;][et_pb_text _builder_version=&#187;4.17.3&#8243; _module_preset=&#187;default&#187; header_2_font=&#187;|600||on|||||&#187; header_2_text_color=&#187;#1692D8&#8243; global_colors_info=&#187;{}&#187;]<\/p>\n<h2>Unser Handwerk<\/h2>\n<p>[\/et_pb_text][\/et_pb_column][\/et_pb_row][et_pb_row column_structure=&#187;1_3,1_3,1_3&#8243; _builder_version=&#187;4.17.3&#8243; _module_preset=&#187;default&#187; global_colors_info=&#187;{}&#187;][et_pb_column type=&#187;1_3&#8243; _builder_version=&#187;4.17.3&#8243; _module_preset=&#187;default&#187; global_colors_info=&#187;{}&#187;][et_pb_text _builder_version=&#187;4.17.3&#8243; _module_preset=&#187;default&#187; text_font=&#187;Montserrat|300|||||||&#187; text_text_color=&#187;#131313&#8243; text_font_size=&#187;16px&#187; header_3_font=&#187;Montserrat||||||||&#187; header_3_text_color=&#187;#1692D8&#8243; global_colors_info=&#187;{}&#187;]<\/p>\n<h3>Akustische Leckortung<\/h3>\n<p>[\/et_pb_text][et_pb_text _builder_version=&#187;4.17.3&#8243; _module_preset=&#187;default&#187; text_font=&#187;Montserrat|300|||||||&#187; text_text_color=&#187;#131313&#8243; text_font_size=&#187;16px&#187; global_colors_info=&#187;{}&#187;]Die genaue Lage des Schadens wird mit Hilfe eines Mikrofons und Spezialverst\u00e4rkers geortet.[\/et_pb_text][et_pb_button button_url=&#187;https:\/\/ams-ag.ch\/akustische-leckortung\/&#187; button_text=&#187;Mehr erfahren&#187; _builder_version=&#187;4.17.4&#8243; _module_preset=&#187;default&#187; custom_button=&#187;on&#187; button_text_size=&#187;15px&#187; button_text_color=&#187;#FFFFFF&#187; button_bg_color=&#187;#1692D8&#8243; button_border_color=&#187;#1692D8&#8243; global_colors_info=&#187;{}&#187;][\/et_pb_button][\/et_pb_column][et_pb_column type=&#187;1_3&#8243; _builder_version=&#187;4.17.3&#8243; _module_preset=&#187;default&#187; global_colors_info=&#187;{}&#187;][et_pb_text _builder_version=&#187;4.17.3&#8243; _module_preset=&#187;default&#187; text_font=&#187;Montserrat|300|||||||&#187; text_text_color=&#187;#131313&#8243; text_font_size=&#187;16px&#187; header_3_font=&#187;Montserrat||||||||&#187; header_3_text_color=&#187;#1692D8&#8243; global_colors_info=&#187;{}&#187;]<\/p>\n<h3>Elektroakustische Leitungsortung<\/h3>\n<p>[\/et_pb_text][et_pb_text _builder_version=&#187;4.17.3&#8243; _module_preset=&#187;default&#187; text_font=&#187;Montserrat|300|||||||&#187; text_text_color=&#187;#131313&#8243; text_font_size=&#187;16px&#187; global_colors_info=&#187;{}&#187;]Das Leck wird anhand eines elektrischen Feldes geortet, das mit einem Spezialger\u00e4t um die verdeckt verlegten metallischen Rohrleitung und Kabel erzeugt wird.[\/et_pb_text][et_pb_button button_url=&#187;https:\/\/ams-ag.ch\/elektroakustische-leitungsortung\/&#187; button_text=&#187;Mehr erfahren&#187; _builder_version=&#187;4.17.4&#8243; _module_preset=&#187;default&#187; custom_button=&#187;on&#187; button_text_size=&#187;15px&#187; button_text_color=&#187;#FFFFFF&#187; button_bg_color=&#187;#1692D8&#8243; button_border_color=&#187;#1692D8&#8243; global_colors_info=&#187;{}&#187;][\/et_pb_button][\/et_pb_column][et_pb_column type=&#187;1_3&#8243; _builder_version=&#187;4.17.3&#8243; _module_preset=&#187;default&#187; global_colors_info=&#187;{}&#187;][et_pb_text _builder_version=&#187;4.17.3&#8243; _module_preset=&#187;default&#187; text_font=&#187;Montserrat|300|||||||&#187; text_text_color=&#187;#131313&#8243; text_font_size=&#187;16px&#187; header_3_font=&#187;Montserrat||||||||&#187; header_3_text_color=&#187;#1692D8&#8243; global_colors_info=&#187;{}&#187;]<\/p>\n<h3>Thermografie<\/h3>\n<p>[\/et_pb_text][et_pb_text _builder_version=&#187;4.17.3&#8243; _module_preset=&#187;default&#187; text_font=&#187;Montserrat|300|||||||&#187; text_text_color=&#187;#131313&#8243; text_font_size=&#187;16px&#187; global_colors_info=&#187;{}&#187;]Eine Infrarotkamera macht nicht sichtbare Schwachstellen am Bauwesen und an den Leitungssystemen sichtbar.[\/et_pb_text][et_pb_button button_url=&#187;https:\/\/ams-ag.ch\/thermografie\/&#187; button_text=&#187;Mehr erfahren&#187; _builder_version=&#187;4.17.4&#8243; _module_preset=&#187;default&#187; custom_button=&#187;on&#187; button_text_size=&#187;15px&#187; button_text_color=&#187;#FFFFFF&#187; button_bg_color=&#187;#1692D8&#8243; button_border_color=&#187;#1692D8&#8243; global_colors_info=&#187;{}&#187;][\/et_pb_button][\/et_pb_column][\/et_pb_row][et_pb_row column_structure=&#187;1_3,1_3,1_3&#8243; _builder_version=&#187;4.17.3&#8243; _module_preset=&#187;default&#187; global_colors_info=&#187;{}&#187;][et_pb_column type=&#187;1_3&#8243; _builder_version=&#187;4.17.3&#8243; _module_preset=&#187;default&#187; global_colors_info=&#187;{}&#187;][et_pb_text _builder_version=&#187;4.17.3&#8243; _module_preset=&#187;default&#187; text_font=&#187;Montserrat|300|||||||&#187; text_text_color=&#187;#131313&#8243; text_font_size=&#187;16px&#187; header_3_font=&#187;Montserrat||||||||&#187; header_3_text_color=&#187;#1692D8&#8243; global_colors_info=&#187;{}&#187;]<\/p>\n<h3>Endoskopie<\/h3>\n<p>[\/et_pb_text][et_pb_text _builder_version=&#187;4.17.3&#8243; _module_preset=&#187;default&#187; text_font=&#187;Montserrat|300|||||||&#187; text_text_color=&#187;#131313&#8243; text_font_size=&#187;16px&#187; global_colors_info=&#187;{}&#187;]Mittels kleiner Bohrungen werden leitungsf\u00fchrende Hohlr\u00e4ume untersucht und analysiert.[\/et_pb_text][et_pb_button button_url=&#187;https:\/\/ams-ag.ch\/endoskopie\/&#187; button_text=&#187;Mehr erfahren&#187; _builder_version=&#187;4.17.4&#8243; _module_preset=&#187;default&#187; custom_button=&#187;on&#187; button_text_size=&#187;15px&#187; button_text_color=&#187;#FFFFFF&#187; button_bg_color=&#187;#1692D8&#8243; button_border_color=&#187;#1692D8&#8243; global_colors_info=&#187;{}&#187;][\/et_pb_button][\/et_pb_column][et_pb_column type=&#187;1_3&#8243; _builder_version=&#187;4.17.3&#8243; _module_preset=&#187;default&#187; global_colors_info=&#187;{}&#187;][et_pb_text _builder_version=&#187;4.17.3&#8243; _module_preset=&#187;default&#187; text_font=&#187;Montserrat|300|||||||&#187; text_text_color=&#187;#131313&#8243; text_font_size=&#187;16px&#187; header_3_font=&#187;Montserrat||||||||&#187; header_3_text_color=&#187;#1692D8&#8243; global_colors_info=&#187;{}&#187;]<\/p>\n<h3>Korrelationsverfahren<\/h3>\n<p>[\/et_pb_text][et_pb_text _builder_version=&#187;4.17.3&#8243; _module_preset=&#187;default&#187; text_font=&#187;Montserrat|300|||||||&#187; text_text_color=&#187;#131313&#8243; text_font_size=&#187;16px&#187; global_colors_info=&#187;{}&#187;]Per Funk \u00fcbertragene Signale von zwei Sendern erm\u00f6glichen die Bestimmung der Laufzeitdifferenz, woraus die Lage des Lecks berechnet wird.[\/et_pb_text][et_pb_button button_url=&#187;https:\/\/ams-ag.ch\/korrelationsverfahren\/&#187; button_text=&#187;Mehr erfahren&#187; _builder_version=&#187;4.17.4&#8243; _module_preset=&#187;default&#187; custom_button=&#187;on&#187; button_text_size=&#187;15px&#187; button_text_color=&#187;#FFFFFF&#187; button_bg_color=&#187;#1692D8&#8243; button_border_color=&#187;#1692D8&#8243; global_colors_info=&#187;{}&#187;][\/et_pb_button][\/et_pb_column][et_pb_column type=&#187;1_3&#8243; _builder_version=&#187;4.17.3&#8243; _module_preset=&#187;default&#187; global_colors_info=&#187;{}&#187;][et_pb_text _builder_version=&#187;4.17.3&#8243; _module_preset=&#187;default&#187; text_font=&#187;Montserrat|300|||||||&#187; text_text_color=&#187;#131313&#8243; text_font_size=&#187;16px&#187; header_3_font=&#187;Montserrat||||||||&#187; header_3_text_color=&#187;#1692D8&#8243; global_colors_info=&#187;{}&#187;]<\/p>\n<h3>Rohrkamera<\/h3>\n<p>[\/et_pb_text][et_pb_text _builder_version=&#187;4.17.3&#8243; _module_preset=&#187;default&#187; text_font=&#187;Montserrat|300|||||||&#187; text_text_color=&#187;#131313&#8243; text_font_size=&#187;16px&#187; global_colors_info=&#187;{}&#187;]Die Rohrkamera wird f\u00fcr schwer zug\u00e4ngliche Leitungen und Rohre eingesetzt und erm\u00f6glicht eine optimale Leckortung von innen.[\/et_pb_text][et_pb_button button_url=&#187;https:\/\/ams-ag.ch\/rohrkamera\/&#187; button_text=&#187;Mehr erfahren&#187; _builder_version=&#187;4.17.4&#8243; _module_preset=&#187;default&#187; custom_button=&#187;on&#187; button_text_size=&#187;15px&#187; button_text_color=&#187;#FFFFFF&#187; button_bg_color=&#187;#1692D8&#8243; button_border_color=&#187;#1692D8&#8243; global_colors_info=&#187;{}&#187;][\/et_pb_button][\/et_pb_column][\/et_pb_row][et_pb_row column_structure=&#187;1_3,1_3,1_3&#8243; _builder_version=&#187;4.17.3&#8243; _module_preset=&#187;default&#187; global_colors_info=&#187;{}&#187;][et_pb_column type=&#187;1_3&#8243; _builder_version=&#187;4.17.3&#8243; _module_preset=&#187;default&#187; global_colors_info=&#187;{}&#187;][et_pb_text _builder_version=&#187;4.17.3&#8243; _module_preset=&#187;default&#187; text_font=&#187;Montserrat|300|||||||&#187; text_text_color=&#187;#131313&#8243; text_font_size=&#187;16px&#187; header_3_font=&#187;Montserrat||||||||&#187; header_3_text_color=&#187;#1692D8&#8243; global_colors_info=&#187;{}&#187;]<\/p>\n<h3>Flachdach-Leckortung<\/h3>\n<p>[\/et_pb_text][et_pb_text _builder_version=&#187;4.17.3&#8243; _module_preset=&#187;default&#187; text_font=&#187;Montserrat|300|||||||&#187; text_text_color=&#187;#131313&#8243; text_font_size=&#187;16px&#187; global_colors_info=&#187;{}&#187;]Oft ist die optisch sichtbare Tropfstelle im Geb\u00e4ude nicht identisch mit dem Leck in der Dachhaut, oder das Leck ist nicht ersichtlich. In diesen F\u00e4llen wird der konventionelle Rauchtest in der Dachfolie durchgef\u00fchrt.[\/et_pb_text][et_pb_button button_url=&#187;https:\/\/ams-ag.ch\/flachdach-leckortung\/&#187; button_text=&#187;Mehr erfahren&#187; _builder_version=&#187;4.17.4&#8243; _module_preset=&#187;default&#187; custom_button=&#187;on&#187; button_text_size=&#187;15px&#187; button_text_color=&#187;#FFFFFF&#187; button_bg_color=&#187;#1692D8&#8243; button_border_color=&#187;#1692D8&#8243; global_colors_info=&#187;{}&#187;][\/et_pb_button][\/et_pb_column][et_pb_column type=&#187;1_3&#8243; _builder_version=&#187;4.17.3&#8243; _module_preset=&#187;default&#187; global_colors_info=&#187;{}&#187;][et_pb_text _builder_version=&#187;4.17.3&#8243; _module_preset=&#187;default&#187; text_font=&#187;Montserrat|300|||||||&#187; text_text_color=&#187;#131313&#8243; text_font_size=&#187;16px&#187; header_3_font=&#187;Montserrat||||||||&#187; header_3_text_color=&#187;#1692D8&#8243; global_colors_info=&#187;{}&#187;]<\/p>\n<h3>Gassp\u00fcrger\u00e4t<\/h3>\n<p>[\/et_pb_text][et_pb_text _builder_version=&#187;4.17.3&#8243; _module_preset=&#187;default&#187; text_font=&#187;Montserrat|300|||||||&#187; text_text_color=&#187;#131313&#8243; text_font_size=&#187;16px&#187; global_colors_info=&#187;{}&#187;]Das Leitungsnetz wird mit einem umweltfreundlichen Spezialgas gef\u00fcllt, worauf auch die kleinsten Leckstellen innerhalb eines Geb\u00e4udes bestimmt werden k\u00f6nnen.[\/et_pb_text][et_pb_button button_url=&#187;https:\/\/ams-ag.ch\/gasspuergeraet\/&#187; button_text=&#187;Mehr erfahren&#187; _builder_version=&#187;4.17.4&#8243; _module_preset=&#187;default&#187; custom_button=&#187;on&#187; button_text_size=&#187;15px&#187; button_text_color=&#187;#FFFFFF&#187; button_bg_color=&#187;#1692D8&#8243; button_border_color=&#187;#1692D8&#8243; global_colors_info=&#187;{}&#187;][\/et_pb_button][\/et_pb_column][et_pb_column type=&#187;1_3&#8243; _builder_version=&#187;4.17.3&#8243; _module_preset=&#187;default&#187; global_colors_info=&#187;{}&#187;][\/et_pb_column][\/et_pb_row][\/et_pb_section]<\/p>\n","protected":false},"excerpt":{"rendered":"<p>LeckortungZerst\u00f6rungsfreie LeckortungLeckortungIst die Ursache des Wasserschadens nicht offensichtlich und lokalisiert, kommt die zerst\u00f6rungsfreie Leckortung zum Einsatz. Daf\u00fcr stehen unterschiedliche technische Ger\u00e4te zur Verf\u00fcgung, die M\u00e4ngel oder Lecks am Rohrleitungssystem zuverl\u00e4ssig orten.Unser HandwerkAkustische LeckortungDie genaue Lage des Schadens wird mit Hilfe eines Mikrofons und Spezialverst\u00e4rkers geortet.Elektroakustische LeitungsortungDas Leck wird anhand eines elektrischen Feldes geortet, das mit [&hellip;]<\/p>\n","protected":false},"author":1,"featured_media":0,"parent":0,"menu_order":0,"comment_status":"closed","ping_status":"closed","template":"","meta":{"_et_pb_use_builder":"on","_et_pb_old_content":"","_et_gb_content_width":"","inline_featured_image":false,"footnotes":""},"class_list":["post-94","page","type-page","status-publish","hentry"],"_links":{"self":[{"href":"https:\/\/ams-ag.ch\/fr\/wp-json\/wp\/v2\/pages\/94","targetHints":{"allow":["GET"]}}],"collection":[{"href":"https:\/\/ams-ag.ch\/fr\/wp-json\/wp\/v2\/pages"}],"about":[{"href":"https:\/\/ams-ag.ch\/fr\/wp-json\/wp\/v2\/types\/page"}],"author":[{"embeddable":true,"href":"https:\/\/ams-ag.ch\/fr\/wp-json\/wp\/v2\/users\/1"}],"replies":[{"embeddable":true,"href":"https:\/\/ams-ag.ch\/fr\/wp-json\/wp\/v2\/comments?post=94"}],"version-history":[{"count":15,"href":"https:\/\/ams-ag.ch\/fr\/wp-json\/wp\/v2\/pages\/94\/revisions"}],"predecessor-version":[{"id":961,"href":"https:\/\/ams-ag.ch\/fr\/wp-json\/wp\/v2\/pages\/94\/revisions\/961"}],"wp:attachment":[{"href":"https:\/\/ams-ag.ch\/fr\/wp-json\/wp\/v2\/media?parent=94"}],"curies":[{"name":"wp","href":"https:\/\/api.w.org\/{rel}","templated":true}]}}