{"id":9,"date":"2022-05-11T09:07:32","date_gmt":"2022-05-11T09:07:32","guid":{"rendered":"https:\/\/ams-ag.ch\/?page_id=9"},"modified":"2023-10-04T08:09:51","modified_gmt":"2023-10-04T08:09:51","slug":"home","status":"publish","type":"page","link":"https:\/\/ams-ag.ch\/fr\/","title":{"rendered":"Accueil"},"content":{"rendered":"<p>[et_pb_section fb_built=&#187;1&#8243; custom_padding_last_edited=&#187;on|phone&#187; _builder_version=&#187;4.20.0&#8243; _module_preset=&#187;default&#187; use_background_color_gradient=&#187;on&#187; background_color_gradient_stops=&#187;rgba(0,0,0,0) 0%|rgba(0,0,0,0.13) 100%&#187; background_color_gradient_overlays_image=&#187;on&#187; background_image=&#187;https:\/\/ams-ag.ch\/wp-content\/uploads\/2023\/09\/wellen_final-scaled.jpg&#187; background_enable_video_mp4=&#187;off&#187; custom_padding=&#187;15rem||15rem||true|false&#187; custom_padding_tablet=&#187;15rem||15rem||true|false&#187; custom_padding_phone=&#187;5rem||5rem||true|false&#187; global_colors_info=&#187;{}&#187;][et_pb_row column_structure=&#187;2_3,1_3&#8243; _builder_version=&#187;4.17.3&#8243; _module_preset=&#187;default&#187; global_colors_info=&#187;{}&#187;][et_pb_column type=&#187;2_3&#8243; _builder_version=&#187;4.17.3&#8243; _module_preset=&#187;default&#187; global_colors_info=&#187;{}&#187;][et_pb_text _builder_version=&#187;4.17.3&#8243; _module_preset=&#187;default&#187; header_font=&#187;Montserrat|||on|||||&#187; header_text_color=&#187;#FFFFFF&#187; header_font_size=&#187;34px&#187; background_color=&#187;#1692D8&#8243; text_orientation=&#187;center&#187; custom_margin=&#187;0px|0px|0px|0px|true|true&#187; custom_padding=&#187;11px|0px|6px|0px|false|true&#187; header_font_size_tablet=&#187;34px&#187; header_font_size_phone=&#187;25px&#187; header_font_size_last_edited=&#187;on|phone&#187; global_colors_info=&#187;{}&#187;]<\/p>\n<h1>AMS Austrocknungs AG<\/h1>\n<p>[\/et_pb_text][et_pb_text _builder_version=&#187;4.22.2&#8243; _module_preset=&#187;default&#187; header_font=&#187;Montserrat|||on|||||&#187; header_text_color=&#187;#FFFFFF&#187; header_font_size=&#187;34px&#187; header_2_font=&#187;Montserrat|||on|||||&#187; header_2_text_color=&#187;#FFFFFF&#187; header_2_font_size=&#187;22px&#187; background_color=&#187;#1692D8&#8243; text_orientation=&#187;center&#187; custom_margin=&#187;10px||10px||false|false&#187; custom_padding=&#187;11px||6px||false|false&#187; global_colors_info=&#187;{}&#187;]<\/p>\n<h2>Wir lassen Sie nicht im Wasser stehen<\/h2>\n<p>[\/et_pb_text][\/et_pb_column][et_pb_column type=&#187;1_3&#8243; _builder_version=&#187;4.17.3&#8243; _module_preset=&#187;default&#187; global_colors_info=&#187;{}&#187;][\/et_pb_column][\/et_pb_row][\/et_pb_section][et_pb_section fb_built=&#187;1&#8243; _builder_version=&#187;4.17.3&#8243; _module_preset=&#187;default&#187; background_color=&#187;#f9f9f9&#8243; global_colors_info=&#187;{}&#187;][et_pb_row _builder_version=&#187;4.17.3&#8243; _module_preset=&#187;default&#187; global_colors_info=&#187;{}&#187;][et_pb_column type=&#187;4_4&#8243; _builder_version=&#187;4.17.3&#8243; _module_preset=&#187;default&#187; global_colors_info=&#187;{}&#187;][et_pb_text _builder_version=&#187;4.22.2&#8243; _module_preset=&#187;default&#187; header_2_font=&#187;|600||on|||||&#187; header_2_text_align=&#187;center&#187; header_2_text_color=&#187;#1692D8&#8243; global_colors_info=&#187;{}&#187;]<\/p>\n<h2>AMS Austrocknungs AG &#8211; schweizweit an neun Standorten<\/h2>\n<h2>Ihr Spezialist im Falle eines Wasserschadens<\/h2>\n<p>[\/et_pb_text][et_pb_text _builder_version=&#187;4.17.3&#8243; _module_preset=&#187;default&#187; text_font=&#187;Montserrat|300|||||||&#187; text_text_color=&#187;#131313&#8243; text_font_size=&#187;16px&#187; global_colors_info=&#187;{}&#187;]<\/p>\n<p>Unsere Kernkompetenz liegt in den Bereichen Wasserschadensanierung, zerst\u00f6rungsfreie Leckortung, Bauaustrocknung, Bauheizung und bauphysikalische Abkl\u00e4rungen. Nebst dem Einsatz und der Handhabung modernster Techniken und Systeme sind wir darauf sensibilisiert, komplexe Situationen zu erkennen und sie anhand von Messergebnissen folgerichtig zu interpretieren.<\/p>\n<p>Als schweizweit t\u00e4tiges Unternehmen mit Hauptsitz in Aarberg, sind wir mit neun Filialen regional pr\u00e4sent und im Notfall schnell vor Ort. Unsere erfahrenen Fachkr\u00e4fte nehmen sich bei Tag und nach Bedarf auch nachts rasch Ihrem Problem an, um einen Wasserschaden so klein wie m\u00f6glich zu halten. Mit modernen Ger\u00e4ten, effizienten Methoden und gut ausgebildeten Mitarbeitenden ist AMS der Profi rund um die Austrocknung.<\/p>\n<p>[\/et_pb_text][\/et_pb_column][\/et_pb_row][\/et_pb_section][et_pb_section fb_built=&#187;1&#8243; _builder_version=&#187;4.17.3&#8243; _module_preset=&#187;default&#187; custom_padding=&#187;0px||0px||true|false&#187; global_colors_info=&#187;{}&#187;][et_pb_row column_structure=&#187;1_4,1_4,1_4,1_4&#8243; use_custom_gutter=&#187;on&#187; gutter_width=&#187;1&#8243; _builder_version=&#187;4.17.4&#8243; _module_preset=&#187;default&#187; width=&#187;100%&#187; max_width=&#187;100%&#187; custom_padding=&#187;0px||0px||false|false&#187; global_colors_info=&#187;{}&#187;][et_pb_column type=&#187;1_4&#8243; _builder_version=&#187;4.17.4&#8243; _module_preset=&#187;default&#187; use_background_color_gradient=&#187;on&#187; background_color_gradient_stops=&#187;rgba(0,0,0,0.03) 0%|rgba(0,0,0,0.44) 100%&#187; background_color_gradient_overlays_image=&#187;on&#187; background_image=&#187;https:\/\/ams-ag.ch\/wp-content\/uploads\/2022\/05\/wasserspritzer-ams-wasserschaden.webp&#187; custom_padding=&#187;250px|0px|250px|0px|true|true&#187; link_option_url=&#187;https:\/\/ams-ag.ch\/wasserschadensanierung\/&#187; border_width_right=&#187;2px&#187; border_color_right=&#187;#FFFFFF&#187; border_color_bottom=&#187;#FFFFFF&#187; border_width_right_tablet=&#187;2px&#187; border_width_right_phone=&#187;2px&#187; border_width_right_last_edited=&#187;on|desktop&#187; border_width_bottom_tablet=&#187;&#187; border_width_bottom_phone=&#187;2px&#187; border_width_bottom_last_edited=&#187;on|phone&#187; global_colors_info=&#187;{}&#187;][et_pb_text _builder_version=&#187;4.17.3&#8243; _module_preset=&#187;default&#187; text_text_color=&#187;#FFFFFF&#187; header_text_color=&#187;#1692D8&#8243; header_2_font=&#187;Montserrat|700|||||||&#187; header_2_text_color=&#187;#FFFFFF&#187; header_2_font_size=&#187;30px&#187; text_orientation=&#187;center&#187; global_colors_info=&#187;{}&#187;]<\/p>\n<h2>Wasserschaden<\/h2>\n<p>[\/et_pb_text][\/et_pb_column][et_pb_column type=&#187;1_4&#8243; _builder_version=&#187;4.17.4&#8243; _module_preset=&#187;default&#187; use_background_color_gradient=&#187;on&#187; background_color_gradient_stops=&#187;rgba(0,0,0,0.03) 0%|rgba(0,0,0,0.44) 100%&#187; background_color_gradient_overlays_image=&#187;on&#187; background_image=&#187;https:\/\/ams-ag.ch\/wp-content\/uploads\/2022\/05\/schalwellen-leckortung.webp&#187; custom_padding=&#187;250px|0px|250px|0px|true|true&#187; link_option_url=&#187;https:\/\/ams-ag.ch\/leckortung\/&#187; border_width_right=&#187;2px&#187; border_color_right=&#187;#FFFFFF&#187; border_color_bottom=&#187;#FFFFFF&#187; border_width_right_tablet=&#187;2px&#187; border_width_right_phone=&#187;2px&#187; border_width_right_last_edited=&#187;on|desktop&#187; border_width_bottom_tablet=&#187;&#187; border_width_bottom_phone=&#187;2px&#187; border_width_bottom_last_edited=&#187;on|phone&#187; global_colors_info=&#187;{}&#187;][et_pb_text _builder_version=&#187;4.17.3&#8243; _module_preset=&#187;default&#187; header_2_font=&#187;Montserrat|700|||||||&#187; header_2_text_color=&#187;#FFFFFF&#187; header_2_font_size=&#187;30px&#187; text_orientation=&#187;center&#187; global_colors_info=&#187;{}&#187;]<\/p>\n<h2>Leckortung<\/h2>\n<p>[\/et_pb_text][\/et_pb_column][et_pb_column type=&#187;1_4&#8243; _builder_version=&#187;4.17.4&#8243; _module_preset=&#187;default&#187; background_image=&#187;https:\/\/ams-ag.ch\/wp-content\/uploads\/2022\/05\/Bautrocknung-ams-staub.webp&#187; custom_padding=&#187;250px|0px|250px|0px|true|true&#187; link_option_url=&#187;https:\/\/ams-ag.ch\/bautrocknung\/&#187; border_width_right=&#187;2px&#187; border_color_right=&#187;#FFFFFF&#187; border_color_bottom=&#187;#FFFFFF&#187; border_width_right_tablet=&#187;2px&#187; border_width_right_phone=&#187;2px&#187; border_width_right_last_edited=&#187;on|phone&#187; border_width_bottom_tablet=&#187;&#187; border_width_bottom_phone=&#187;2px&#187; border_width_bottom_last_edited=&#187;on|phone&#187; global_colors_info=&#187;{}&#187;][et_pb_text _builder_version=&#187;4.17.3&#8243; _module_preset=&#187;default&#187; header_2_font=&#187;Montserrat|700|||||||&#187; header_2_text_color=&#187;#FFFFFF&#187; header_2_font_size=&#187;30px&#187; text_orientation=&#187;center&#187; global_colors_info=&#187;{}&#187;]<\/p>\n<h2>Bautrocknung<\/h2>\n<p>[\/et_pb_text][\/et_pb_column][et_pb_column type=&#187;1_4&#8243; _builder_version=&#187;4.17.4&#8243; _module_preset=&#187;default&#187; background_image=&#187;https:\/\/ams-ag.ch\/wp-content\/uploads\/2022\/05\/bauheizung-feuer-ams-.webp&#187; custom_padding=&#187;250px|0px|250px|0px|true|true&#187; link_option_url=&#187;https:\/\/ams-ag.ch\/bauheizung\/&#187; global_colors_info=&#187;{}&#187;][et_pb_text _builder_version=&#187;4.17.3&#8243; _module_preset=&#187;default&#187; header_2_font=&#187;Montserrat|700|||||||&#187; header_2_text_color=&#187;#FFFFFF&#187; header_2_font_size=&#187;30px&#187; text_orientation=&#187;center&#187; global_colors_info=&#187;{}&#187;]<\/p>\n<h2>Bauheizung<\/h2>\n<p>[\/et_pb_text][\/et_pb_column][\/et_pb_row][\/et_pb_section][et_pb_section fb_built=&#187;1&#8243; _builder_version=&#187;4.17.4&#8243; _module_preset=&#187;default&#187; global_colors_info=&#187;{}&#187;][et_pb_row _builder_version=&#187;4.17.4&#8243; _module_preset=&#187;default&#187; global_colors_info=&#187;{}&#187;][et_pb_column type=&#187;4_4&#8243; _builder_version=&#187;4.17.4&#8243; _module_preset=&#187;default&#187; global_colors_info=&#187;{}&#187;][et_pb_code _builder_version=&#187;4.17.4&#8243; _module_preset=&#187;default&#187; global_colors_info=&#187;{}&#187;]<style type=\"text\/css\">\n.asl-cont .onoffswitch .onoffswitch-label .onoffswitch-switch:before {\n    content: \"OUVRIR\" !important;\n}\n\n.asl-cont .onoffswitch .onoffswitch-label .onoffswitch-switch:after {\n    content: \"TOUT\" !important;\n}\n\n@media (max-width: 767px) {\n    #asl-storelocator.asl-cont .asl-panel {\n        order: 0;\n    }\n}\n\n.asl-cont.sl-search-only .Filter_section+.sl-row {\n    display: none;\n}\n<\/style>\n<div id=\"asl-storelocator\"\n    class=\"storelocator-main asl-cont asl-template-0 asl-layout-0 asl-bg-0 no-asl-filters  asl-text-1\">\n    <div class=\"asl-wrapper\">\n        <div class=\"sl-container\">\n\n                        <div class=\"sl-row\">\n                <div class=\"pol-12\">\n                    <div class=\"sl-main-cont\">\n                        <div class=\"sl-row no-gutters sl-main-row\">\n                            <div id=\"asl-panel\" class=\"asl-panel pol-md-5 pol-lg-4 asl_locator-panel\">\n                                <div class=\"asl-overlay\" id=\"map-loading\">\n                                    <div class=\"white\"><\/div>\n                                    <div class=\"sl-loading\">\n                                        <i class=\"animate-sl-spin icon-spin3\"><\/i>\n                                        Chargement...                                    <\/div>\n                                <\/div>\n                                <div class=\"inside search_filter\">\n                                    <label for=\"auto-complete-search\"\n                                        class=\"mb-2\">Chercher Location<\/label>\n                                    <div class=\"asl-store-search input-group d-flex\">\n                                        <input type=\"text\" value=\"\" id=\"auto-complete-search\"\n                                            class=\"asl-search-address form-control\"\n                                            placeholder=\"Enter a Location\">\n                                        <div class=\"input-group-append\">\n                                            <button aria-label=\"Chercher Location\"\n                                                title=\"Chercher Location\" type=\"button\" class=\"asl-search-event input-group-text span-geo\">\n                                                <i class=\"icon-search\" aria-hidden=\"true\"><\/i>\n                                            <\/button>\n                                        <\/div>\n                                    <\/div>\n                                <\/div>\n                                <!-- list -->\n                                <div class=\"asl-panel-inner\">\n                                    <div class=\"top-title Num_of_store\">\n                                        <span><span\n                                                class=\"sl-head-title\">Number Of Shops<\/span>:\n                                            <span class=\"count-result\">0<\/span><\/span>\n                                                                                <a class=\"asl-print-btn\"><span>IMPRIMER<\/span><span\n                                                class=\"asl-print\"><\/span><\/a>\n                                                                            <\/div>\n                                    <div class=\"sl-main-cont-box\">\n                                        <div id=\"asl-list\" class=\"sl-list-wrapper\">\n                                            <ul id=\"p-statelist\" class=\"sl-list\">\n                                            <\/ul>\n                                        <\/div>\n                                    <\/div>\n                                <\/div>\n\n                                <div class=\"directions-cont hide\">\n                                    <div class=\"agile-modal-header\">\n                                        <button type=\"button\" class=\"close\"><span aria-hidden=\"true\">\u00d7<\/span><\/button>\n                                        <h4>Direction du magasin<\/h4>\n                                    <\/div>\n                                    <div class=\"rendered-directions\" id=\"asl-rendered-dir\" style=\"direction: ltr;\">\n                                    <\/div>\n                                <\/div>\n                            <\/div>\n                            <div class=\"pol-md-7 pol-lg-8 asl-map\">\n                                <div class=\"map-image\">\n                                    <div id=\"asl-map-canv\" class=\"asl-map-canv\"><\/div>\n                                    <div id=\"agile-modal-direction\" class=\"agile-modal fade\">\n    <div class=\"agile-modal-backdrop-in\"><\/div>\n    <div class=\"agile-modal-dialog in\">\n        <div class=\"agile-modal-content\">\n            <div class=\"sl-form-group d-flex justify-content-between\">\n                <h4>OBTENIR DES DIRECTIONS<\/h4>\n                <button type=\"button\" class=\"close-directions sl-close\" data-dismiss=\"agile-modal\"\n                    aria-label=\"proche\"><i aria-hidden=\"true\" class=\"icon-cancel-1\"><\/i><\/button>\n            <\/div>\n            <div class=\"sl-form-group\">\n                <label for=\"frm-lbl\">De:<\/label>\n                <input type=\"text\" class=\"form-control frm-place\" id=\"frm-lbl\"\n                    placeholder=\"Enter a Location\">\n            <\/div>\n            <div class=\"sl-form-group\">\n                <label for=\"to-lbl\">\u00c0:<\/label>\n                <input readonly=\"true\" type=\"text\" class=\"directions-to form-control\" id=\"to-lbl\"\n                    placeholder=\"Adresse de destination pr\u00e9remplie\">\n            <\/div>\n            <div class=\"sl-form-group mb-0\">\n                <label for=\"rbtn-km\" class=\"checkbox-inline\">\n                    <input type=\"radio\" name=\"dist-type\" id=\"rbtn-km\" value=\"0\"> kilom\u00e8tres                <\/label>\n                <label for=\"rbtn-mile\" class=\"checkbox-inline\">\n                    <input type=\"radio\" name=\"dist-type\" checked id=\"rbtn-mile\" value=\"1\">\n                    Milles                <\/label>\n            <\/div>\n            <div class=\"sl-form-group mb-0\">\n                <button type=\"submit\" aria-label=\"OBTENIR DES DIRECTIONS\"\n                    class=\"btn btn-default btn-submit\">OBTENIR DES DIRECTIONS<\/button>\n            <\/div>\n        <\/div>\n    <\/div>\n<\/div>\n\n<div id=\"asl-geolocation-agile-modal\" class=\"agile-modal fade\">\n    <div class=\"agile-modal-backdrop-in\"><\/div>\n    <div class=\"agile-modal-dialog in\">\n        <div class=\"agile-modal-content\">\n                          <div class=\"sl-form-group sl-icon-group\">\n              <button type=\"button\" class=\"close-directions sl-close\" data-dismiss=\"agile-modal\"\n                    aria-label=\"proche\"><i aria-hidden=\"true\" class=\"icon-cancel-1\"><\/i><\/button>\n                <div class=\"sl-loct-icon\">\n                    <svg xmlns=\"http:\/\/www.w3.org\/2000\/svg\" width=\"28\" height=\"28\" viewBox=\"0 0 24 24\" fill=\"none\"\n                        stroke=\"currentColor\" stroke-width=\"2\" stroke-linecap=\"round\" stroke-linejoin=\"round\">\n                        <path\n                            d=\"M20 10c0 4.993-5.539 10.193-7.399 11.799a1 1 0 0 1-1.202 0C9.539 20.193 4 14.993 4 10a8 8 0 0 1 16 0\">\n                        <\/path>\n                        <circle cx=\"12\" cy=\"10\" r=\"3\"><\/circle>\n                    <\/svg>\n                <\/div>\n                <h2>Find Nearby Service Providers<\/h2>\n                <p>Utiliser mon emplacement pour trouver le fournisseur de services le plus pr\u00e8s de moi<\/p>\n            <\/div>\n            <div class=\"sl-form-group text-center mb-0\">\n                <button type=\"button\" id=\"asl-btn-geolocation\"\n                    class=\"btn btn-block btn-default\">UTILISATION LOCATION<\/button>\n            <\/div>\n                    <\/div>\n    <\/div>\n<\/div>\n\n<div id=\"asl-desc-agile-modal\" class=\"agile-modal fade\">\n    <div class=\"agile-modal-backdrop-in\"><\/div>\n    <div class=\"agile-modal-dialog in\">\n        <div class=\"agile-modal-content\">\n            <div class=\"sl-row\">\n                <div class=\"pol-md-12\">\n                    <div class=\"sl-form-group d-flex justify-content-between\">\n                        <h4 class=\"sl-title\">View Description<\/h4>\n                        <button type=\"button\" class=\"close-directions sl-close\" data-dismiss=\"agile-modal\"\n                            aria-label=\"Close\"><i aria-hidden=\"true\" class=\"icon-cancel-1\"><\/i><\/button>\n                    <\/div>\n                    <div class=\"sl-desc\"><\/div>\n                <\/div>\n            <\/div>\n        <\/div>\n    <\/div>\n<\/div>                                <\/div>\n                            <\/div>\n                        <\/div>\n                    <\/div>\n                <\/div>\n            <\/div>\n        <\/div>\n    <\/div>\n<\/div>\n<!-- This plugin is developed by \"Agile Store Locator for WordPress\" https:\/\/agilestorelocator.com -->[\/et_pb_code][\/et_pb_column][\/et_pb_row][\/et_pb_section]<\/p>\n","protected":false},"excerpt":{"rendered":"<p>AMS Austrocknungs AGWir lassen Sie nicht im Wasser stehenAMS Austrocknungs AG &#8211; schweizweit an neun Standorten Ihr Spezialist im Falle eines WasserschadensUnsere Kernkompetenz liegt in den Bereichen Wasserschadensanierung, zerst\u00f6rungsfreie Leckortung, Bauaustrocknung, Bauheizung und bauphysikalische Abkl\u00e4rungen. Nebst dem Einsatz und der Handhabung modernster Techniken und Systeme sind wir darauf sensibilisiert, komplexe Situationen zu erkennen und sie [&hellip;]<\/p>\n","protected":false},"author":1,"featured_media":0,"parent":0,"menu_order":0,"comment_status":"closed","ping_status":"closed","template":"","meta":{"_et_pb_use_builder":"on","_et_pb_old_content":"","_et_gb_content_width":"","inline_featured_image":false,"footnotes":""},"class_list":["post-9","page","type-page","status-publish","hentry"],"_links":{"self":[{"href":"https:\/\/ams-ag.ch\/fr\/wp-json\/wp\/v2\/pages\/9","targetHints":{"allow":["GET"]}}],"collection":[{"href":"https:\/\/ams-ag.ch\/fr\/wp-json\/wp\/v2\/pages"}],"about":[{"href":"https:\/\/ams-ag.ch\/fr\/wp-json\/wp\/v2\/types\/page"}],"author":[{"embeddable":true,"href":"https:\/\/ams-ag.ch\/fr\/wp-json\/wp\/v2\/users\/1"}],"replies":[{"embeddable":true,"href":"https:\/\/ams-ag.ch\/fr\/wp-json\/wp\/v2\/comments?post=9"}],"version-history":[{"count":44,"href":"https:\/\/ams-ag.ch\/fr\/wp-json\/wp\/v2\/pages\/9\/revisions"}],"predecessor-version":[{"id":872,"href":"https:\/\/ams-ag.ch\/fr\/wp-json\/wp\/v2\/pages\/9\/revisions\/872"}],"wp:attachment":[{"href":"https:\/\/ams-ag.ch\/fr\/wp-json\/wp\/v2\/media?parent=9"}],"curies":[{"name":"wp","href":"https:\/\/api.w.org\/{rel}","templated":true}]}}