{"id":569,"date":"2022-05-17T13:09:34","date_gmt":"2022-05-17T13:09:34","guid":{"rendered":"https:\/\/ams-ag.ch\/?page_id=569"},"modified":"2023-12-22T08:07:57","modified_gmt":"2023-12-22T08:07:57","slug":"ueber-uns","status":"publish","type":"page","link":"https:\/\/ams-ag.ch\/fr\/ueber-uns\/","title":{"rendered":"AMS SA"},"content":{"rendered":"<p>[et_pb_section fb_built=&#187;1&#8243; admin_label=&#187;About&#187; _builder_version=&#187;4.17.4&#8243; _module_preset=&#187;default&#187; background_enable_image=&#187;off&#187; parallax=&#187;on&#187; custom_padding=&#187;100px|||&#187; global_colors_info=&#187;{}&#187; box_shadow_style__hover=&#187;none&#187; box_shadow_style__hover_enabled=&#187;none&#187; box_shadow_color__hover=&#187;rgba(0,0,0,0.3)&#187; box_shadow_color__hover_enabled=&#187;rgba(0,0,0,0.3)&#187;][et_pb_row _builder_version=&#187;4.17.4&#8243; _module_preset=&#187;default&#187; global_colors_info=&#187;{}&#187;][et_pb_column type=&#187;4_4&#8243; _builder_version=&#187;4.17.4&#8243; _module_preset=&#187;default&#187; global_colors_info=&#187;{}&#187;][et_pb_text _builder_version=&#187;4.17.4&#8243; _module_preset=&#187;default&#187; header_2_font=&#187;|600||on|||||&#187; header_2_text_align=&#187;center&#187; header_2_text_color=&#187;#1692D8&#8243; global_colors_info=&#187;{}&#187;]<\/p>\n<h2>\u00dcber uns<\/h2>\n<p>[\/et_pb_text][\/et_pb_column][\/et_pb_row][et_pb_row column_structure=&#187;1_2,1_2&#8243; _builder_version=&#187;4.16&#8243; _module_preset=&#187;default&#187; global_colors_info=&#187;{}&#187;][et_pb_column type=&#187;1_2&#8243; _builder_version=&#187;4.16&#8243; _module_preset=&#187;default&#187; custom_padding=&#187;|||&#187; global_colors_info=&#187;{}&#187; custom_padding__hover=&#187;|||&#187;][et_pb_text _builder_version=&#187;4.17.4&#8243; _module_preset=&#187;default&#187; text_font=&#187;Montserrat|300|||||||&#187; text_text_color=&#187;#131313&#8243; text_font_size=&#187;15px&#187; text_line_height=&#187;2em&#187; header_font=&#187;||||||||&#187; header_2_font=&#187;Montserrat|600|||||||&#187; header_2_font_size=&#187;40px&#187; header_2_line_height=&#187;1.2em&#187; header_3_font=&#187;Montserrat|||on|||||&#187; header_3_font_size=&#187;14px&#187; header_3_letter_spacing=&#187;1px&#187; header_3_line_height=&#187;1.6em&#187; max_width=&#187;700px&#187; locked=&#187;off&#187; global_colors_info=&#187;{}&#187; header_font_size__hover=&#187;30px&#187; header_font_size__hover_enabled=&#187;30px&#187; header_letter_spacing__hover=&#187;0px&#187; header_letter_spacing__hover_enabled=&#187;0px&#187; header_text_shadow_style__hover=&#187;none&#187; header_text_shadow_style__hover_enabled=&#187;none&#187; header_text_shadow_color__hover=&#187;rgba(0,0,0,0.4)&#187; header_text_shadow_color__hover_enabled=&#187;rgba(0,0,0,0.4)&#187;]<\/p>\n<p>Die AMS Austrocknungs AG hat sich seit ihrer Gr\u00fcndung 1996 zu einem heute national aktiven Unternehmen und f\u00fchrenden Anbieter in der Bautrocknungsbranche entwickelt. Das Unternehmen hat seinen Hauptsitz in Aarberg und ist mit schweizweit neun Filialen in Ihrer Region rasch vor Ort.<\/p>\n<p>In den Bereichen Wasserschadensanierung, Leckortung, Bautrocknung sowie Analyse und Beratung sind wir Profis. Unsere Mitarbeitenden sind kompetent, Spezialisten auf ihrem Gebiet und bilden sich bez\u00fcglich neuen technischen Erkenntnissen stets weiter.<\/p>\n<p>[\/et_pb_text][\/et_pb_column][et_pb_column type=&#187;1_2&#8243; _builder_version=&#187;4.16&#8243; _module_preset=&#187;default&#187; custom_padding=&#187;|||&#187; global_colors_info=&#187;{}&#187; custom_padding__hover=&#187;|||&#187;][et_pb_image src=&#187;https:\/\/ams-ag.ch\/wp-content\/uploads\/2023\/12\/bild-ueber-uns.png&#187; title_text=&#187;bild-ueber-uns&#187; align=&#187;center&#187; _builder_version=&#187;4.23&#8243; _module_preset=&#187;default&#187; hover_enabled=&#187;0&#8243; global_colors_info=&#187;{}&#187; sticky_enabled=&#187;0&#8243;][\/et_pb_image][\/et_pb_column][\/et_pb_row][\/et_pb_section][et_pb_section fb_built=&#187;1&#8243; _builder_version=&#187;4.17.4&#8243; _module_preset=&#187;default&#187; background_color=&#187;#f9f9f9&#8243; global_colors_info=&#187;{}&#187;][et_pb_row _builder_version=&#187;4.17.4&#8243; _module_preset=&#187;default&#187; global_colors_info=&#187;{}&#187;][et_pb_column type=&#187;4_4&#8243; _builder_version=&#187;4.17.4&#8243; _module_preset=&#187;default&#187; global_colors_info=&#187;{}&#187;][et_pb_text _builder_version=&#187;4.17.4&#8243; _module_preset=&#187;default&#187; header_2_font=&#187;|600||on|||||&#187; header_2_text_align=&#187;center&#187; header_2_text_color=&#187;#1692D8&#8243; global_colors_info=&#187;{}&#187;]<\/p>\n<h2>Das Einsatzgebiet<\/h2>\n<p>[\/et_pb_text][\/et_pb_column][\/et_pb_row][et_pb_row _builder_version=&#187;4.17.4&#8243; _module_preset=&#187;default&#187; global_colors_info=&#187;{}&#187;][et_pb_column type=&#187;4_4&#8243; _builder_version=&#187;4.17.4&#8243; _module_preset=&#187;default&#187; global_colors_info=&#187;{}&#187;][et_pb_image src=&#187;https:\/\/ams-ag.ch\/wp-content\/uploads\/2022\/05\/einsatzgebiet-ams-ag.jpg&#187; title_text=&#187;einsatzgebiet-ams-ag&#187; align=&#187;center&#187; _builder_version=&#187;4.17.4&#8243; _module_preset=&#187;default&#187; global_colors_info=&#187;{}&#187;][\/et_pb_image][\/et_pb_column][\/et_pb_row][\/et_pb_section]<\/p>\n","protected":false},"excerpt":{"rendered":"<p>\u00dcber unsDie AMS Austrocknungs AG hat sich seit ihrer Gr\u00fcndung 1996 zu einem heute national aktiven Unternehmen und f\u00fchrenden Anbieter in der Bautrocknungsbranche entwickelt. Das Unternehmen hat seinen Hauptsitz in Aarberg und ist mit schweizweit neun Filialen in Ihrer Region rasch vor Ort. In den Bereichen Wasserschadensanierung, Leckortung, Bautrocknung sowie Analyse und Beratung sind wir [&hellip;]<\/p>\n","protected":false},"author":1,"featured_media":0,"parent":0,"menu_order":0,"comment_status":"closed","ping_status":"closed","template":"","meta":{"_et_pb_use_builder":"on","_et_pb_old_content":"","_et_gb_content_width":"","inline_featured_image":false,"footnotes":""},"class_list":["post-569","page","type-page","status-publish","hentry"],"_links":{"self":[{"href":"https:\/\/ams-ag.ch\/fr\/wp-json\/wp\/v2\/pages\/569","targetHints":{"allow":["GET"]}}],"collection":[{"href":"https:\/\/ams-ag.ch\/fr\/wp-json\/wp\/v2\/pages"}],"about":[{"href":"https:\/\/ams-ag.ch\/fr\/wp-json\/wp\/v2\/types\/page"}],"author":[{"embeddable":true,"href":"https:\/\/ams-ag.ch\/fr\/wp-json\/wp\/v2\/users\/1"}],"replies":[{"embeddable":true,"href":"https:\/\/ams-ag.ch\/fr\/wp-json\/wp\/v2\/comments?post=569"}],"version-history":[{"count":14,"href":"https:\/\/ams-ag.ch\/fr\/wp-json\/wp\/v2\/pages\/569\/revisions"}],"predecessor-version":[{"id":1031,"href":"https:\/\/ams-ag.ch\/fr\/wp-json\/wp\/v2\/pages\/569\/revisions\/1031"}],"wp:attachment":[{"href":"https:\/\/ams-ag.ch\/fr\/wp-json\/wp\/v2\/media?parent=569"}],"curies":[{"name":"wp","href":"https:\/\/api.w.org\/{rel}","templated":true}]}}