{"id":55,"date":"2022-05-11T11:19:43","date_gmt":"2022-05-11T11:19:43","guid":{"rendered":"https:\/\/ams-ag.ch\/?page_id=55"},"modified":"2023-11-14T10:09:19","modified_gmt":"2023-11-14T10:09:19","slug":"wasserschadensanierung","status":"publish","type":"page","link":"https:\/\/ams-ag.ch\/fr\/wasserschadensanierung\/","title":{"rendered":"D\u00e9g\u00e2t d\u2019eau"},"content":{"rendered":"<p>[et_pb_section fb_built=&#187;1&#8243; custom_padding_last_edited=&#187;on|phone&#187; _builder_version=&#187;4.23&#8243; _module_preset=&#187;default&#187; background_image=&#187;https:\/\/ams-ag.ch\/wp-content\/uploads\/2022\/05\/wasserspritzer-ams-wasserschaden.webp&#187; custom_padding=&#187;15rem||15rem||true|false&#187; custom_padding_tablet=&#187;15rem||15rem||true|false&#187; custom_padding_phone=&#187;5rem||5rem||true|false&#187; hover_enabled=&#187;0&#8243; global_colors_info=&#187;{}&#187; alt=&#187;wasserspritzer-ams-wasserschaden&#187; title_text=&#187;wasserspritzer-ams-wasserschaden&#187; sticky_enabled=&#187;0&#8243;][et_pb_row column_structure=&#187;1_2,1_2&#8243; _builder_version=&#187;4.17.3&#8243; _module_preset=&#187;default&#187; global_colors_info=&#187;{}&#187;][et_pb_column type=&#187;1_2&#8243; _builder_version=&#187;4.17.3&#8243; _module_preset=&#187;default&#187; global_colors_info=&#187;{}&#187;][et_pb_text _builder_version=&#187;4.17.3&#8243; _module_preset=&#187;default&#187; header_font=&#187;Montserrat|||on|||||&#187; header_text_color=&#187;#FFFFFF&#187; header_font_size=&#187;28px&#187; background_color=&#187;#1692D8&#8243; text_orientation=&#187;center&#187; custom_margin=&#187;0px|0px|0px|0px|true|true&#187; custom_padding=&#187;11px|0px|6px|0px|false|true&#187; header_font_size_tablet=&#187;28px&#187; header_font_size_phone=&#187;17px&#187; header_font_size_last_edited=&#187;on|phone&#187; global_colors_info=&#187;{}&#187;]<\/p>\n<h1>Wasserschadensanierung<\/h1>\n<p>[\/et_pb_text][et_pb_text _builder_version=&#187;4.17.3&#8243; _module_preset=&#187;default&#187; header_font=&#187;Montserrat|||on|||||&#187; header_text_color=&#187;#FFFFFF&#187; header_font_size=&#187;34px&#187; header_2_font=&#187;Montserrat|||on|||||&#187; header_2_text_color=&#187;#FFFFFF&#187; header_2_font_size=&#187;22px&#187; background_color=&#187;#1692D8&#8243; text_orientation=&#187;center&#187; custom_margin=&#187;10px||||false|false&#187; custom_padding=&#187;11px||6px||false|false&#187; header_2_font_size_tablet=&#187;22px&#187; header_2_font_size_phone=&#187;18px&#187; header_2_font_size_last_edited=&#187;on|phone&#187; global_colors_info=&#187;{}&#187;]<\/p>\n<h2>Passende Trocknungsmethoden<\/h2>\n<p>[\/et_pb_text][\/et_pb_column][et_pb_column type=&#187;1_2&#8243; _builder_version=&#187;4.17.3&#8243; _module_preset=&#187;default&#187; global_colors_info=&#187;{}&#187;][\/et_pb_column][\/et_pb_row][\/et_pb_section][et_pb_section fb_built=&#187;1&#8243; _builder_version=&#187;4.17.3&#8243; _module_preset=&#187;default&#187; background_enable_color=&#187;off&#187; global_colors_info=&#187;{}&#187;][et_pb_row _builder_version=&#187;4.17.3&#8243; _module_preset=&#187;default&#187; global_colors_info=&#187;{}&#187;][et_pb_column type=&#187;4_4&#8243; _builder_version=&#187;4.17.3&#8243; _module_preset=&#187;default&#187; global_colors_info=&#187;{}&#187;][et_pb_text _builder_version=&#187;4.17.3&#8243; _module_preset=&#187;default&#187; header_2_font=&#187;|600||on|||||&#187; header_2_text_align=&#187;center&#187; header_2_text_color=&#187;#1692D8&#8243; header_2_font_size_tablet=&#187;&#187; header_2_font_size_phone=&#187;19px&#187; header_2_font_size_last_edited=&#187;on|phone&#187; global_colors_info=&#187;{}&#187;]<\/p>\n<h2>Wasserschadensanierung<\/h2>\n<p>[\/et_pb_text][et_pb_text _builder_version=&#187;4.17.3&#8243; _module_preset=&#187;default&#187; text_font=&#187;Montserrat|300|||||||&#187; text_text_color=&#187;#131313&#8243; text_font_size=&#187;16px&#187; global_colors_info=&#187;{}&#187;]Ist ein Wasserschaden erst einmal entstanden, ist die Wahl der geeigneten Trocknungstechnik entscheidend f\u00fcr die Behebung des Schadens. Mit unserem raschen Einsatz legen wir hohen Wert auf Nachhaltigkeit, niedrige Kosten und eine m\u00f6glichst rasche und unbeeintr\u00e4chtigte Aufnahme des (Arbeits- oder Wohn-) Alltags seitens der Betroffenen. Unsere Fachkr\u00e4fte bieten situationsgerecht die passende Trocknungsmethode an.[\/et_pb_text][\/et_pb_column][\/et_pb_row][\/et_pb_section][et_pb_section fb_built=&#187;1&#8243; _builder_version=&#187;4.17.3&#8243; _module_preset=&#187;default&#187; background_color=&#187;#f9f9f9&#8243; global_colors_info=&#187;{}&#187;][et_pb_row _builder_version=&#187;4.17.3&#8243; _module_preset=&#187;default&#187; global_colors_info=&#187;{}&#187;][et_pb_column type=&#187;4_4&#8243; _builder_version=&#187;4.17.3&#8243; _module_preset=&#187;default&#187; global_colors_info=&#187;{}&#187;][et_pb_text _builder_version=&#187;4.17.3&#8243; _module_preset=&#187;default&#187; header_2_font=&#187;|600||on|||||&#187; header_2_text_color=&#187;#1692D8&#8243; global_colors_info=&#187;{}&#187;]<\/p>\n<h2>Unser Handwerk<\/h2>\n<p>[\/et_pb_text][\/et_pb_column][\/et_pb_row][et_pb_row column_structure=&#187;1_3,1_3,1_3&#8243; _builder_version=&#187;4.17.3&#8243; _module_preset=&#187;default&#187; global_colors_info=&#187;{}&#187;][et_pb_column type=&#187;1_3&#8243; _builder_version=&#187;4.17.3&#8243; _module_preset=&#187;default&#187; global_colors_info=&#187;{}&#187;][et_pb_text _builder_version=&#187;4.17.3&#8243; _module_preset=&#187;default&#187; text_font=&#187;Montserrat|300|||||||&#187; text_text_color=&#187;#131313&#8243; text_font_size=&#187;16px&#187; header_3_font=&#187;Montserrat||||||||&#187; header_3_text_color=&#187;#1692D8&#8243; global_colors_info=&#187;{}&#187;]<\/p>\n<h3>Konventionelle Trocknung<\/h3>\n<p>[\/et_pb_text][et_pb_text _builder_version=&#187;4.17.3&#8243; _module_preset=&#187;default&#187; text_font=&#187;Montserrat|300|||||||&#187; text_text_color=&#187;#131313&#8243; text_font_size=&#187;16px&#187; global_colors_info=&#187;{}&#187;]Konventionelle Trocknungen werden mittels Kernbohrungen im \u00dcberzug des Bodens durchgef\u00fchrt. Die Trocknungsger\u00e4te sind so installiert, dass der Arbeitsablauf oder das t\u00e4gliche Leben innerhalb des betroffenen Raumes kaum beeintr\u00e4chtigt werden.[\/et_pb_text][et_pb_button button_url=&#187;https:\/\/ams-ag.ch\/konventionelle-trocknung\/&#187; button_text=&#187;Mehr erfahren&#187; _builder_version=&#187;4.17.4&#8243; _module_preset=&#187;default&#187; custom_button=&#187;on&#187; button_text_size=&#187;15px&#187; button_text_color=&#187;#FFFFFF&#187; button_bg_color=&#187;#1692D8&#8243; button_border_color=&#187;#1692D8&#8243; global_colors_info=&#187;{}&#187;][\/et_pb_button][\/et_pb_column][et_pb_column type=&#187;1_3&#8243; _builder_version=&#187;4.17.3&#8243; _module_preset=&#187;default&#187; global_colors_info=&#187;{}&#187;][et_pb_text _builder_version=&#187;4.17.3&#8243; _module_preset=&#187;default&#187; text_font=&#187;Montserrat|300|||||||&#187; text_text_color=&#187;#131313&#8243; text_font_size=&#187;16px&#187; header_3_font=&#187;Montserrat||||||||&#187; header_3_text_color=&#187;#1692D8&#8243; global_colors_info=&#187;{}&#187;]<\/p>\n<h3>Herausl\u00f6sen von Platten<\/h3>\n<p>[\/et_pb_text][et_pb_text _builder_version=&#187;4.17.3&#8243; _module_preset=&#187;default&#187; text_font=&#187;Montserrat|300|||||||&#187; text_text_color=&#187;#131313&#8243; text_font_size=&#187;16px&#187; global_colors_info=&#187;{}&#187;]Zur Installation der Trocknungsanlage werden einzelne Bodenplatten mit einem Spezialger\u00e4t zerst\u00f6rungsfrei herausgel\u00f6st, sodass sie nach erfolgter Trocknung wieder eingesetzt werden k\u00f6nnen.[\/et_pb_text][et_pb_button button_url=&#187;https:\/\/ams-ag.ch\/herausloesen-von-platten\/&#187; button_text=&#187;Mehr erfahren&#187; _builder_version=&#187;4.17.4&#8243; _module_preset=&#187;default&#187; custom_button=&#187;on&#187; button_text_size=&#187;15px&#187; button_text_color=&#187;#FFFFFF&#187; button_bg_color=&#187;#1692D8&#8243; button_border_color=&#187;#1692D8&#8243; global_colors_info=&#187;{}&#187;][\/et_pb_button][\/et_pb_column][et_pb_column type=&#187;1_3&#8243; _builder_version=&#187;4.17.3&#8243; _module_preset=&#187;default&#187; global_colors_info=&#187;{}&#187;][et_pb_text _builder_version=&#187;4.17.3&#8243; _module_preset=&#187;default&#187; text_font=&#187;Montserrat|300|||||||&#187; text_text_color=&#187;#131313&#8243; text_font_size=&#187;16px&#187; header_3_font=&#187;Montserrat||||||||&#187; header_3_text_color=&#187;#1692D8&#8243; global_colors_info=&#187;{}&#187;]<\/p>\n<h3>Kernbohrung von unten<\/h3>\n<p>[\/et_pb_text][et_pb_text _builder_version=&#187;4.17.3&#8243; _module_preset=&#187;default&#187; text_font=&#187;Montserrat|300|||||||&#187; text_text_color=&#187;#131313&#8243; text_font_size=&#187;16px&#187; global_colors_info=&#187;{}&#187;]Sind die vom Wasserschaden betroffenen R\u00e4ume unterkellert, werden Kernbohrungen durch die untere Decke durchgef\u00fchrt. Dies hat zum Vorteil, dass die betroffenen R\u00e4umlichkeiten kaum durch L\u00e4rm beeintr\u00e4chtigt werden und nicht s\u00e4mtliche Bodenbel\u00e4ge ersetzt werden m\u00fcssen.[\/et_pb_text][et_pb_button button_url=&#187;https:\/\/ams-ag.ch\/kernbohrung-von-unten\/&#187; button_text=&#187;Mehr erfahren&#187; _builder_version=&#187;4.17.4&#8243; _module_preset=&#187;default&#187; custom_button=&#187;on&#187; button_text_size=&#187;15px&#187; button_text_color=&#187;#FFFFFF&#187; button_bg_color=&#187;#1692D8&#8243; button_border_color=&#187;#1692D8&#8243; global_colors_info=&#187;{}&#187;][\/et_pb_button][\/et_pb_column][\/et_pb_row][et_pb_row column_structure=&#187;1_3,1_3,1_3&#8243; _builder_version=&#187;4.17.3&#8243; _module_preset=&#187;default&#187; global_colors_info=&#187;{}&#187;][et_pb_column type=&#187;1_3&#8243; _builder_version=&#187;4.17.3&#8243; _module_preset=&#187;default&#187; global_colors_info=&#187;{}&#187;][et_pb_text _builder_version=&#187;4.17.3&#8243; _module_preset=&#187;default&#187; text_font=&#187;Montserrat|300|||||||&#187; text_text_color=&#187;#131313&#8243; text_font_size=&#187;16px&#187; header_3_font=&#187;Montserrat||||||||&#187; header_3_text_color=&#187;#1692D8&#8243; global_colors_info=&#187;{}&#187;]<\/p>\n<h3>Fugensystem<\/h3>\n<p>[\/et_pb_text][et_pb_text _builder_version=&#187;4.17.3&#8243; _module_preset=&#187;default&#187; text_font=&#187;Montserrat|300|||||||&#187; text_text_color=&#187;#131313&#8243; text_font_size=&#187;16px&#187; global_colors_info=&#187;{}&#187;]Konventionelle Trocknungen werden mittels Kernbohrungen im \u00dcberzug des Bodens durchgef\u00fchrt. Die Trocknungsger\u00e4te sind so installiert, dass der Arbeitsablauf oder das t\u00e4gliche Leben innerhalb des betroffenen Raumes kaum beeintr\u00e4chtigt werden.[\/et_pb_text][et_pb_button button_url=&#187;https:\/\/ams-ag.ch\/fugensystem\/&#187; button_text=&#187;Mehr erfahren&#187; _builder_version=&#187;4.17.4&#8243; _module_preset=&#187;default&#187; custom_button=&#187;on&#187; button_text_size=&#187;15px&#187; button_text_color=&#187;#FFFFFF&#187; button_bg_color=&#187;#1692D8&#8243; button_border_color=&#187;#1692D8&#8243; global_colors_info=&#187;{}&#187;][\/et_pb_button][\/et_pb_column][et_pb_column type=&#187;1_3&#8243; _builder_version=&#187;4.17.3&#8243; _module_preset=&#187;default&#187; global_colors_info=&#187;{}&#187;][et_pb_text _builder_version=&#187;4.17.3&#8243; _module_preset=&#187;default&#187; text_font=&#187;Montserrat|300|||||||&#187; text_text_color=&#187;#131313&#8243; text_font_size=&#187;16px&#187; header_3_font=&#187;Montserrat||||||||&#187; header_3_text_color=&#187;#1692D8&#8243; global_colors_info=&#187;{}&#187;]<\/p>\n<h3>Randfugen<\/h3>\n<p>[\/et_pb_text][et_pb_text _builder_version=&#187;4.17.3&#8243; _module_preset=&#187;default&#187; text_font=&#187;Montserrat|300|||||||&#187; text_text_color=&#187;#131313&#8243; text_font_size=&#187;16px&#187; global_colors_info=&#187;{}&#187;]Zur Installation der Trocknungsanlage werden einzelne Bodenplatten mit einem Spezialger\u00e4t zerst\u00f6rungsfrei herausgel\u00f6st, sodass sie nach erfolgter Trocknung wieder eingesetzt werden k\u00f6nnen.[\/et_pb_text][et_pb_button button_url=&#187;https:\/\/ams-ag.ch\/randfugen\/&#187; button_text=&#187;Mehr erfahren&#187; _builder_version=&#187;4.17.4&#8243; _module_preset=&#187;default&#187; custom_button=&#187;on&#187; button_text_size=&#187;15px&#187; button_text_color=&#187;#FFFFFF&#187; button_bg_color=&#187;#1692D8&#8243; button_border_color=&#187;#1692D8&#8243; global_colors_info=&#187;{}&#187;][\/et_pb_button][\/et_pb_column][et_pb_column type=&#187;1_3&#8243; _builder_version=&#187;4.17.3&#8243; _module_preset=&#187;default&#187; global_colors_info=&#187;{}&#187;][et_pb_text _builder_version=&#187;4.17.3&#8243; _module_preset=&#187;default&#187; text_font=&#187;Montserrat|300|||||||&#187; text_text_color=&#187;#131313&#8243; text_font_size=&#187;16px&#187; header_3_font=&#187;Montserrat||||||||&#187; header_3_text_color=&#187;#1692D8&#8243; global_colors_info=&#187;{}&#187;]<\/p>\n<h3>Geruchsneutralisation<\/h3>\n<p>[\/et_pb_text][et_pb_text _builder_version=&#187;4.17.3&#8243; _module_preset=&#187;default&#187; text_font=&#187;Montserrat|300|||||||&#187; text_text_color=&#187;#131313&#8243; text_font_size=&#187;16px&#187; global_colors_info=&#187;{}&#187;]Durch das Geruchsneutralisierungs-Verfahren werden unangenehme Ger\u00fcche eliminiert.[\/et_pb_text][et_pb_button button_url=&#187;https:\/\/ams-ag.ch\/geruchsneutralisation\/&#187; button_text=&#187;Mehr erfahren&#187; _builder_version=&#187;4.17.4&#8243; _module_preset=&#187;default&#187; custom_button=&#187;on&#187; button_text_size=&#187;15px&#187; button_text_color=&#187;#FFFFFF&#187; button_bg_color=&#187;#1692D8&#8243; button_border_color=&#187;#1692D8&#8243; global_colors_info=&#187;{}&#187;][\/et_pb_button][\/et_pb_column][\/et_pb_row][\/et_pb_section]<\/p>\n","protected":false},"excerpt":{"rendered":"<p>WasserschadensanierungPassende TrocknungsmethodenWasserschadensanierungIst ein Wasserschaden erst einmal entstanden, ist die Wahl der geeigneten Trocknungstechnik entscheidend f\u00fcr die Behebung des Schadens. Mit unserem raschen Einsatz legen wir hohen Wert auf Nachhaltigkeit, niedrige Kosten und eine m\u00f6glichst rasche und unbeeintr\u00e4chtigte Aufnahme des (Arbeits- oder Wohn-) Alltags seitens der Betroffenen. Unsere Fachkr\u00e4fte bieten situationsgerecht die passende Trocknungsmethode an.Unser HandwerkKonventionelle [&hellip;]<\/p>\n","protected":false},"author":1,"featured_media":0,"parent":0,"menu_order":0,"comment_status":"closed","ping_status":"closed","template":"","meta":{"_et_pb_use_builder":"on","_et_pb_old_content":"","_et_gb_content_width":"","inline_featured_image":false,"footnotes":""},"class_list":["post-55","page","type-page","status-publish","hentry"],"_links":{"self":[{"href":"https:\/\/ams-ag.ch\/fr\/wp-json\/wp\/v2\/pages\/55","targetHints":{"allow":["GET"]}}],"collection":[{"href":"https:\/\/ams-ag.ch\/fr\/wp-json\/wp\/v2\/pages"}],"about":[{"href":"https:\/\/ams-ag.ch\/fr\/wp-json\/wp\/v2\/types\/page"}],"author":[{"embeddable":true,"href":"https:\/\/ams-ag.ch\/fr\/wp-json\/wp\/v2\/users\/1"}],"replies":[{"embeddable":true,"href":"https:\/\/ams-ag.ch\/fr\/wp-json\/wp\/v2\/comments?post=55"}],"version-history":[{"count":14,"href":"https:\/\/ams-ag.ch\/fr\/wp-json\/wp\/v2\/pages\/55\/revisions"}],"predecessor-version":[{"id":945,"href":"https:\/\/ams-ag.ch\/fr\/wp-json\/wp\/v2\/pages\/55\/revisions\/945"}],"wp:attachment":[{"href":"https:\/\/ams-ag.ch\/fr\/wp-json\/wp\/v2\/media?parent=55"}],"curies":[{"name":"wp","href":"https:\/\/api.w.org\/{rel}","templated":true}]}}