{"id":521,"date":"2022-05-17T12:03:43","date_gmt":"2022-05-17T12:03:43","guid":{"rendered":"https:\/\/ams-ag.ch\/?page_id=521"},"modified":"2025-07-21T14:24:59","modified_gmt":"2025-07-21T14:24:59","slug":"bauheizung","status":"publish","type":"page","link":"https:\/\/ams-ag.ch\/fr\/bauheizung\/","title":{"rendered":"Chauffage de b\u00e2timent"},"content":{"rendered":"<p>[et_pb_section fb_built=&#187;1&#8243; custom_padding_last_edited=&#187;on|phone&#187; _builder_version=&#187;4.23&#8243; _module_preset=&#187;default&#187; background_image=&#187;https:\/\/ams-ag.ch\/wp-content\/uploads\/2022\/05\/bauheizung-feuer-ams-.webp&#187; custom_padding=&#187;15rem||15rem||true|false&#187; custom_padding_tablet=&#187;15rem||15rem||true|false&#187; custom_padding_phone=&#187;5rem||5rem||true|false&#187; global_colors_info=&#187;{}&#187;][et_pb_row disabled_on=&#187;on|on|on&#187; _builder_version=&#187;4.27.4&#8243; _module_preset=&#187;default&#187; positioning=&#187;absolute&#187; position_origin_a=&#187;top_center&#187; custom_padding=&#187;||0px||false|false&#187; hover_enabled=&#187;0&#8243; global_colors_info=&#187;{}&#187; disabled=&#187;on&#187; sticky_enabled=&#187;0&#8243;][et_pb_column type=&#187;4_4&#8243; _builder_version=&#187;4.27.0&#8243; _module_preset=&#187;default&#187; global_colors_info=&#187;{}&#187;][et_pb_image src=&#187;https:\/\/ams-ag.ch\/wp-content\/uploads\/2024\/12\/1-e1733222424486.png&#187; title_text=&#187;1&#8243; align=&#187;center&#187; _builder_version=&#187;4.27.0&#8243; _module_preset=&#187;default&#187; max_width=&#187;25%&#187; max_width_tablet=&#187;25%&#187; max_width_phone=&#187;35%&#187; max_width_last_edited=&#187;on|phone&#187; module_alignment=&#187;center&#187; global_colors_info=&#187;{}&#187;][\/et_pb_image][\/et_pb_column][\/et_pb_row][et_pb_row column_structure=&#187;1_2,1_2&#8243; _builder_version=&#187;4.17.4&#8243; _module_preset=&#187;default&#187; global_colors_info=&#187;{}&#187;][et_pb_column type=&#187;1_2&#8243; _builder_version=&#187;4.17.3&#8243; _module_preset=&#187;default&#187; global_colors_info=&#187;{}&#187;][et_pb_text _builder_version=&#187;4.17.4&#8243; _module_preset=&#187;default&#187; header_font=&#187;Montserrat|||on|||||&#187; header_text_color=&#187;#FFFFFF&#187; header_font_size=&#187;28px&#187; background_color=&#187;#1692D8&#8243; text_orientation=&#187;center&#187; custom_margin=&#187;0px|0px|0px|0px|true|true&#187; custom_padding=&#187;11px|0px|6px|0px|false|true&#187; global_colors_info=&#187;{}&#187;]<\/p>\n<h1>Bauheizung<\/h1>\n<p>[\/et_pb_text][et_pb_text _builder_version=&#187;4.17.4&#8243; _module_preset=&#187;default&#187; header_font=&#187;Montserrat|||on|||||&#187; header_text_color=&#187;#FFFFFF&#187; header_font_size=&#187;34px&#187; header_2_font=&#187;Montserrat|||on|||||&#187; header_2_text_color=&#187;#FFFFFF&#187; header_2_font_size=&#187;22px&#187; background_color=&#187;#1692D8&#8243; text_orientation=&#187;center&#187; custom_margin=&#187;10px||||false|false&#187; custom_padding=&#187;11px||6px||false|false&#187; global_colors_info=&#187;{}&#187;]<\/p>\n<h2>Vermietung und Installation<\/h2>\n<p>[\/et_pb_text][\/et_pb_column][et_pb_column type=&#187;1_2&#8243; _builder_version=&#187;4.17.3&#8243; _module_preset=&#187;default&#187; global_colors_info=&#187;{}&#187;][\/et_pb_column][\/et_pb_row][\/et_pb_section][et_pb_section fb_built=&#187;1&#8243; _builder_version=&#187;4.27.0&#8243; _module_preset=&#187;default&#187; background_enable_color=&#187;off&#187; global_colors_info=&#187;{}&#187;][et_pb_row _builder_version=&#187;4.17.3&#8243; _module_preset=&#187;default&#187; global_colors_info=&#187;{}&#187;][et_pb_column type=&#187;4_4&#8243; _builder_version=&#187;4.17.3&#8243; _module_preset=&#187;default&#187; global_colors_info=&#187;{}&#187;][et_pb_text _builder_version=&#187;4.17.4&#8243; _module_preset=&#187;default&#187; header_2_font=&#187;|600||on|||||&#187; header_2_text_align=&#187;center&#187; header_2_text_color=&#187;#1692D8&#8243; global_colors_info=&#187;{}&#187;]<\/p>\n<h2>Bauheizung und Festzeltheizung<\/h2>\n<p>[\/et_pb_text][et_pb_text _builder_version=&#187;4.27.0&#8243; _module_preset=&#187;default&#187; text_font=&#187;Montserrat|300|||||||&#187; text_text_color=&#187;#131313&#8243; text_font_size=&#187;16px&#187; global_colors_info=&#187;{}&#187;]<\/p>\n<p>Ob Baustellen, Festzelte, Produktions- und Lagerhallen, Gew\u00e4chsh\u00e4user oder Sporthallen \u2013 wir sind Ihr verl\u00e4sslicher Partner f\u00fcr tempor\u00e4re Heizl\u00f6sungen. Unsere Elektro-, \u00d6l- und Gas Heizger\u00e4te sorgen in jeder Situation f\u00fcr eine effiziente und sichere Beheizung.<\/p>\n<p>AMS ist spezialisiert in der Trocknung von Neu- und Rohbauten. Durch \u00fcbersch\u00fcssiges Abbindwasser, Regen w\u00e4hrend der Rohbauphase, nass eingebrachte Baustoffe, Kondensations- oder Schwitzwasserbildung und andere nicht voraussehbare Wasserzufuhren, kann eine \u00fcberh\u00f6hte Feuchtigkeit im Bau entstehen. Dies verz\u00f6gert den Arbeitsfortgang und den Terminablauf. Wenn n\u00f6tig wird das Wasser abgesaugt und anschliessend die Trocknung, bei Bedarf mittels K\u00e4lte- oder Adsorptionstrockner, so rasch wie m\u00f6glich und ohne Folgesch\u00e4den eingeleitet.<\/p>\n<p>Profitieren Sie von unserem Rundum-Service: Wir vermieten nicht nur die passenden Heizger\u00e4te, sondern \u00fcbernehmen auch die professionelle Installation vor Ort. Lassen Sie sich von unseren Experten beraten und finden Sie die ideale Heizl\u00f6sung f\u00fcr Ihre individuellen Bed\u00fcrfnisse.<\/p>\n<p>[\/et_pb_text][\/et_pb_column][\/et_pb_row][\/et_pb_section][et_pb_section fb_built=&#187;1&#8243; _builder_version=&#187;4.17.3&#8243; _module_preset=&#187;default&#187; background_color=&#187;#f9f9f9&#8243; global_colors_info=&#187;{}&#187;][et_pb_row _builder_version=&#187;4.17.3&#8243; _module_preset=&#187;default&#187; global_colors_info=&#187;{}&#187;][et_pb_column type=&#187;4_4&#8243; _builder_version=&#187;4.17.3&#8243; _module_preset=&#187;default&#187; global_colors_info=&#187;{}&#187;][et_pb_text _builder_version=&#187;4.27.0&#8243; _module_preset=&#187;default&#187; header_2_font=&#187;|600||on|||||&#187; header_2_text_color=&#187;#1692D8&#8243; global_colors_info=&#187;{}&#187;]<\/p>\n<h2>VORTEILE DER BAUHEIZUNG<\/h2>\n<p>[\/et_pb_text][et_pb_text _builder_version=&#187;4.27.0&#8243; _module_preset=&#187;default&#187; text_font=&#187;Montserrat|300|||||||&#187; text_text_color=&#187;#131313&#8243; text_font_size=&#187;16px&#187; locked=&#187;off&#187; global_colors_info=&#187;{}&#187;]<\/p>\n<p>Bauheizungen bieten zahlreiche Vorteile, die Ihre Projekte auch in den k\u00e4ltesten Monaten optimal unterst\u00fctzen. Hier sind die wichtigsten Vorz\u00fcge:<\/p>\n<p>[\/et_pb_text][et_pb_slider arrows_custom_color=&#187;#131313&#8243; _builder_version=&#187;4.27.0&#8243; _module_preset=&#187;default&#187; custom_padding=&#187;80px||80px||true|false&#187; global_colors_info=&#187;{}&#187;][et_pb_slide _builder_version=&#187;4.27.0&#8243; _module_preset=&#187;default&#187; body_font=&#187;Montserrat|300|||||||&#187; body_text_color=&#187;#131313&#8243; background_enable_color=&#187;off&#187; global_colors_info=&#187;{}&#187; sticky_transition=&#187;on&#187;]<strong><img loading=\"lazy\" decoding=\"async\" src=\"https:\/\/ams-ag.ch\/wp-content\/uploads\/2024\/12\/2-1024x1024.png\" width=\"84\" height=\"84\" alt=\"\" class=\"wp-image-1280 alignnone size-large\" \/><\/strong><\/p>\n<p><strong>Effiziente Beheizung von Baustellen und Geb\u00e4uden<\/strong><\/p>\n<p>Unsere Bauheizungen gew\u00e4hrleisten, dass Ihre Baustellen, Rohbauten und Geb\u00e4ude auch bei eisigen Temperaturen angenehm beheizt bleiben. Das sorgt f\u00fcr bessere Arbeitsbedingungen und steigert die Produktivit\u00e4t Ihres Teams.[\/et_pb_slide][et_pb_slide _builder_version=&#187;4.27.0&#8243; _module_preset=&#187;default&#187; body_font=&#187;Montserrat|300|||||||&#187; body_text_color=&#187;#131313&#8243; background_enable_color=&#187;off&#187; global_colors_info=&#187;{}&#187; sticky_transition=&#187;on&#187;]<img loading=\"lazy\" decoding=\"async\" src=\"https:\/\/ams-ag.ch\/wp-content\/uploads\/2024\/12\/3-1024x1024.png\" width=\"84\" height=\"84\" alt=\"\" class=\"wp-image-1281 alignnone size-large\" \/><\/p>\n<p><strong>Vermeidung von Bauverz\u00f6gerungen<\/strong><\/p>\n<p>Kalte Temperaturen k\u00f6nnen Bauprojekte erheblich verz\u00f6gern, insbesondere, wenn der Baufortschritt von geeigneten Temperaturbedingungen abh\u00e4ngt, wie bei Malerarbeiten oder dem Trocknen von Beton und Putz. Unsere Heizger\u00e4te sorgen f\u00fcr ein gleichbleibend warmes Umfeld und halten Ihren Zeitplan ein.[\/et_pb_slide][et_pb_slide _builder_version=&#187;4.27.0&#8243; _module_preset=&#187;default&#187; body_font=&#187;Montserrat|300|||||||&#187; body_text_color=&#187;#131313&#8243; background_enable_color=&#187;off&#187; global_colors_info=&#187;{}&#187; sticky_transition=&#187;on&#187;]<img loading=\"lazy\" decoding=\"async\" src=\"https:\/\/ams-ag.ch\/wp-content\/uploads\/2024\/12\/4-1024x1024.png\" width=\"84\" height=\"84\" alt=\"\" class=\"wp-image-1282 alignnone size-large\" \/><\/p>\n<p><strong>Schutz vor Frostsch\u00e4den<\/strong><\/p>\n<p>Frost kann Materialien und Ger\u00e4te nachhaltig sch\u00e4digen, was zu zus\u00e4tzlichen Kosten und ungewollten Verz\u00f6gerungen f\u00fchrt. Die Bauheizungen sch\u00fctzen Ihr Material und Ihre Maschinen vor niedrigen Temperaturen und minimieren so das Risiko von Frostsch\u00e4den.[\/et_pb_slide][\/et_pb_slider][\/et_pb_column][\/et_pb_row][\/et_pb_section][et_pb_section fb_built=&#187;1&#8243; _builder_version=&#187;4.27.0&#8243; _module_preset=&#187;default&#187; background_enable_color=&#187;off&#187; global_colors_info=&#187;{}&#187;][et_pb_row _builder_version=&#187;4.17.3&#8243; _module_preset=&#187;default&#187; global_colors_info=&#187;{}&#187;][et_pb_column type=&#187;4_4&#8243; _builder_version=&#187;4.17.3&#8243; _module_preset=&#187;default&#187; global_colors_info=&#187;{}&#187;][et_pb_text _builder_version=&#187;4.27.0&#8243; _module_preset=&#187;default&#187; header_2_font=&#187;|600||on|||||&#187; header_2_text_color=&#187;#1692D8&#8243; global_colors_info=&#187;{}&#187;]<\/p>\n<h2>Galerie<\/h2>\n<p>[\/et_pb_text][et_pb_text _builder_version=&#187;4.27.0&#8243; _module_preset=&#187;default&#187; text_font=&#187;Montserrat|300|||||||&#187; text_text_color=&#187;#131313&#8243; text_font_size=&#187;16px&#187; locked=&#187;off&#187; global_colors_info=&#187;{}&#187;]<\/p>\n<p>Bauheizungen bieten zahlreiche Vorteile, die Ihre Projekte auch in den k\u00e4ltesten Monaten optimal unterst\u00fctzen. Hier sind die wichtigsten Vorz\u00fcge:<\/p>\n<p>[\/et_pb_text][et_pb_gallery gallery_ids=&#187;517,518,516&#8243; fullwidth=&#187;on&#187; _builder_version=&#187;4.27.0&#8243; _module_preset=&#187;default&#187; max_width=&#187;70%&#187; module_alignment=&#187;center&#187; auto=&#187;on&#187; auto_speed=&#187;4000&#8243; global_colors_info=&#187;{}&#187;][\/et_pb_gallery][\/et_pb_column][\/et_pb_row][\/et_pb_section][et_pb_section fb_built=&#187;1&#8243; _builder_version=&#187;4.16&#8243; _module_preset=&#187;default&#187; locked=&#187;off&#187; global_colors_info=&#187;{}&#187;][et_pb_row _builder_version=&#187;4.16&#8243; _module_preset=&#187;default&#187; custom_margin=&#187;||&#187; custom_padding=&#187;50px|10%|50px|10%|true|true&#187; border_radii=&#187;|10px|10px||&#187; box_shadow_style=&#187;preset1&#8243; box_shadow_vertical=&#187;20px&#187; box_shadow_blur=&#187;60px&#187; box_shadow_color=&#187;rgba(58,73,88,0.1)&#187; global_colors_info=&#187;{}&#187;][et_pb_column type=&#187;4_4&#8243; _builder_version=&#187;4.16&#8243; _module_preset=&#187;default&#187; custom_padding=&#187;|||&#187; global_colors_info=&#187;{}&#187; custom_padding__hover=&#187;|||&#187;][et_pb_text _builder_version=&#187;4.27.0&#8243; _module_preset=&#187;default&#187; header_2_font=&#187;|600||on|||||&#187; header_2_text_color=&#187;#1692D8&#8243; locked=&#187;off&#187; global_colors_info=&#187;{}&#187;]<\/p>\n<h2>Kontakt<\/h2>\n<p>[\/et_pb_text][et_pb_contact_form use_spam_service=&#187;on&#187; recaptcha_list=&#187;Default|Default-0&#8243; recaptcha_min_score=&#187;0.7&#8243; email=&#187;aarberg@ams-ag.ch&#187; custom_message=&#187;Vorname: %%Vorname%%||et_pb_line_break_holder||||et_pb_line_break_holder||Nachname: %%Nachname%%||et_pb_line_break_holder||||et_pb_line_break_holder||Telefon: %%Telefon%%||et_pb_line_break_holder||||et_pb_line_break_holder||E-Mail: %%Email%%||et_pb_line_break_holder||||et_pb_line_break_holder||Nachricht:||et_pb_line_break_holder||||et_pb_line_break_holder||%%Message%%&#187; success_message=&#187;Danke f\u00fcr Ihre Nachricht.&#187; submit_button_text=&#187;Senden&#187; module_id=&#187;et_pb_contact_form_0&#8243; _builder_version=&#187;4.22.2&#8243; _module_preset=&#187;default&#187; form_field_background_color=&#187;rgba(0,0,0,0)&#187; form_field_text_color=&#187;rgba(0,0,0,0.54)&#187; title_font=&#187;Montserrat||||||||&#187; title_text_color=&#187;#2682ff&#187; title_font_size=&#187;22px&#187; title_line_height=&#187;1.5em&#187; form_field_font=&#187;Open Sans||||||||&#187; custom_button=&#187;on&#187; button_text_size=&#187;16px&#187; button_text_color=&#187;#2682ff&#187; button_bg_color=&#187;rgba(255,255,255,0)&#187; button_border_width=&#187;6px&#187; button_border_color=&#187;rgba(0,0,0,0)&#187; button_border_radius=&#187;100px&#187; button_font=&#187;Montserrat||||||||&#187; button_use_icon=&#187;off&#187; custom_margin=&#187;||&#187; custom_margin_tablet=&#187;40%||&#187; custom_margin_phone=&#187;20%||&#187; custom_margin_last_edited=&#187;on|phone&#187; custom_padding=&#187;|0px||0px|true|true&#187; custom_padding_tablet=&#187;40px|40px|40px|40px|true|true&#187; custom_padding_last_edited=&#187;off|desktop&#187; border_radii=&#187;on|6px|6px|6px|6px&#187; border_width_all=&#187;2px&#187; border_color_all=&#187;rgba(0,88,188,0.16)&#187; box_shadow_style_button=&#187;preset5&#8243; box_shadow_vertical_button=&#187;0px&#187; box_shadow_spread_button=&#187;2px&#187; box_shadow_color_button=&#187;#2682ff&#187; form_background_color=&#187;rgba(0,0,0,0)&#187; global_colors_info=&#187;{}&#187; use_background_color_gradient__hover=&#187;off&#187; use_background_color_gradient__hover_enabled=&#187;off&#187; background_color_gradient_start__hover=&#187;#2b87da&#187; background_color_gradient_start__hover_enabled=&#187;#2b87da&#187; background_color_gradient_end__hover=&#187;#29c4a9&#8243; background_color_gradient_end__hover_enabled=&#187;#29c4a9&#8243; background_color_gradient_type__hover=&#187;linear&#187; background_color_gradient_type__hover_enabled=&#187;linear&#187; background_color_gradient_direction__hover=&#187;180deg&#187; background_color_gradient_direction__hover_enabled=&#187;180deg&#187; background_color_gradient_direction_radial__hover=&#187;center&#187; background_color_gradient_direction_radial__hover_enabled=&#187;center&#187; background_color_gradient_start_position__hover=&#187;0%&#187; background_color_gradient_start_position__hover_enabled=&#187;0%&#187; background_color_gradient_end_position__hover=&#187;100%&#187; background_color_gradient_end_position__hover_enabled=&#187;100%&#187; background_color_gradient_overlays_image__hover=&#187;off&#187; background_color_gradient_overlays_image__hover_enabled=&#187;off&#187; parallax__hover=&#187;off&#187; parallax__hover_enabled=&#187;off&#187; parallax_method__hover=&#187;on&#187; parallax_method__hover_enabled=&#187;on&#187; background_size__hover=&#187;cover&#187; background_size__hover_enabled=&#187;cover&#187; background_position__hover=&#187;center&#187; background_position__hover_enabled=&#187;center&#187; background_repeat__hover=&#187;no-repeat&#187; background_repeat__hover_enabled=&#187;no-repeat&#187; background_blend__hover=&#187;normal&#187; background_blend__hover_enabled=&#187;normal&#187; allow_player_pause__hover=&#187;off&#187; allow_player_pause__hover_enabled=&#187;off&#187; background_video_pause_outside_viewport__hover=&#187;on&#187; background_video_pause_outside_viewport__hover_enabled=&#187;on&#187; background_color_gradient_stops__hover=&#187;#2b87da 0%|#29c4a9 100%&#187;][et_pb_contact_field field_id=&#187;Vorname&#187; field_title=&#187;Vorname&#187; _builder_version=&#187;4.17.4&#8243; _module_preset=&#187;default&#187; global_colors_info=&#187;{}&#187; button_text_size__hover_enabled=&#187;off&#187; button_one_text_size__hover_enabled=&#187;off&#187; button_two_text_size__hover_enabled=&#187;off&#187; button_text_color__hover_enabled=&#187;off&#187; button_one_text_color__hover_enabled=&#187;off&#187; button_two_text_color__hover_enabled=&#187;off&#187; button_border_width__hover_enabled=&#187;off&#187; button_one_border_width__hover_enabled=&#187;off&#187; button_two_border_width__hover_enabled=&#187;off&#187; button_border_color__hover_enabled=&#187;off&#187; button_one_border_color__hover_enabled=&#187;off&#187; button_two_border_color__hover_enabled=&#187;off&#187; button_border_radius__hover_enabled=&#187;off&#187; button_one_border_radius__hover_enabled=&#187;off&#187; button_two_border_radius__hover_enabled=&#187;off&#187; button_letter_spacing__hover_enabled=&#187;off&#187; button_one_letter_spacing__hover_enabled=&#187;off&#187; button_two_letter_spacing__hover_enabled=&#187;off&#187; button_bg_color__hover_enabled=&#187;off&#187; button_one_bg_color__hover_enabled=&#187;off&#187; button_two_bg_color__hover_enabled=&#187;off&#187;][\/et_pb_contact_field][et_pb_contact_field field_id=&#187;Nachname&#187; field_title=&#187;Nachname&#187; _builder_version=&#187;4.17.4&#8243; _module_preset=&#187;default&#187; global_colors_info=&#187;{}&#187; button_text_size__hover_enabled=&#187;off&#187; button_one_text_size__hover_enabled=&#187;off&#187; button_two_text_size__hover_enabled=&#187;off&#187; button_text_color__hover_enabled=&#187;off&#187; button_one_text_color__hover_enabled=&#187;off&#187; button_two_text_color__hover_enabled=&#187;off&#187; button_border_width__hover_enabled=&#187;off&#187; button_one_border_width__hover_enabled=&#187;off&#187; button_two_border_width__hover_enabled=&#187;off&#187; button_border_color__hover_enabled=&#187;off&#187; button_one_border_color__hover_enabled=&#187;off&#187; button_two_border_color__hover_enabled=&#187;off&#187; button_border_radius__hover_enabled=&#187;off&#187; button_one_border_radius__hover_enabled=&#187;off&#187; button_two_border_radius__hover_enabled=&#187;off&#187; button_letter_spacing__hover_enabled=&#187;off&#187; button_one_letter_spacing__hover_enabled=&#187;off&#187; button_two_letter_spacing__hover_enabled=&#187;off&#187; button_bg_color__hover_enabled=&#187;off&#187; button_one_bg_color__hover_enabled=&#187;off&#187; button_two_bg_color__hover_enabled=&#187;off&#187;][\/et_pb_contact_field][et_pb_contact_field field_id=&#187;Telefon&#187; field_title=&#187;Telefonnummer&#187; _builder_version=&#187;4.17.4&#8243; _module_preset=&#187;default&#187; global_colors_info=&#187;{}&#187; button_text_size__hover_enabled=&#187;off&#187; button_one_text_size__hover_enabled=&#187;off&#187; button_two_text_size__hover_enabled=&#187;off&#187; button_text_color__hover_enabled=&#187;off&#187; button_one_text_color__hover_enabled=&#187;off&#187; button_two_text_color__hover_enabled=&#187;off&#187; button_border_width__hover_enabled=&#187;off&#187; button_one_border_width__hover_enabled=&#187;off&#187; button_two_border_width__hover_enabled=&#187;off&#187; button_border_color__hover_enabled=&#187;off&#187; button_one_border_color__hover_enabled=&#187;off&#187; button_two_border_color__hover_enabled=&#187;off&#187; button_border_radius__hover_enabled=&#187;off&#187; button_one_border_radius__hover_enabled=&#187;off&#187; button_two_border_radius__hover_enabled=&#187;off&#187; button_letter_spacing__hover_enabled=&#187;off&#187; button_one_letter_spacing__hover_enabled=&#187;off&#187; button_two_letter_spacing__hover_enabled=&#187;off&#187; button_bg_color__hover_enabled=&#187;off&#187; button_one_bg_color__hover_enabled=&#187;off&#187; button_two_bg_color__hover_enabled=&#187;off&#187;][\/et_pb_contact_field][et_pb_contact_field field_id=&#187;Email&#187; field_title=&#187;E-Mail&#187; field_type=&#187;email&#187; _builder_version=&#187;4.17.4&#8243; _module_preset=&#187;default&#187; global_colors_info=&#187;{}&#187; button_text_size__hover_enabled=&#187;off&#187; button_one_text_size__hover_enabled=&#187;off&#187; button_two_text_size__hover_enabled=&#187;off&#187; button_text_color__hover_enabled=&#187;off&#187; button_one_text_color__hover_enabled=&#187;off&#187; button_two_text_color__hover_enabled=&#187;off&#187; button_border_width__hover_enabled=&#187;off&#187; button_one_border_width__hover_enabled=&#187;off&#187; button_two_border_width__hover_enabled=&#187;off&#187; button_border_color__hover_enabled=&#187;off&#187; button_one_border_color__hover_enabled=&#187;off&#187; button_two_border_color__hover_enabled=&#187;off&#187; button_border_radius__hover_enabled=&#187;off&#187; button_one_border_radius__hover_enabled=&#187;off&#187; button_two_border_radius__hover_enabled=&#187;off&#187; button_letter_spacing__hover_enabled=&#187;off&#187; button_one_letter_spacing__hover_enabled=&#187;off&#187; button_two_letter_spacing__hover_enabled=&#187;off&#187; button_bg_color__hover_enabled=&#187;off&#187; button_one_bg_color__hover_enabled=&#187;off&#187; button_two_bg_color__hover_enabled=&#187;off&#187;][\/et_pb_contact_field][et_pb_contact_field field_id=&#187;Message&#187; field_title=&#187;Nachricht&#187; field_type=&#187;text&#187; fullwidth_field=&#187;on&#187; _builder_version=&#187;4.17.4&#8243; _module_preset=&#187;default&#187; global_colors_info=&#187;{}&#187; button_text_size__hover_enabled=&#187;off&#187; button_one_text_size__hover_enabled=&#187;off&#187; button_two_text_size__hover_enabled=&#187;off&#187; button_text_color__hover_enabled=&#187;off&#187; button_one_text_color__hover_enabled=&#187;off&#187; button_two_text_color__hover_enabled=&#187;off&#187; button_border_width__hover_enabled=&#187;off&#187; button_one_border_width__hover_enabled=&#187;off&#187; button_two_border_width__hover_enabled=&#187;off&#187; button_border_color__hover_enabled=&#187;off&#187; button_one_border_color__hover_enabled=&#187;off&#187; button_two_border_color__hover_enabled=&#187;off&#187; button_border_radius__hover_enabled=&#187;off&#187; button_one_border_radius__hover_enabled=&#187;off&#187; button_two_border_radius__hover_enabled=&#187;off&#187; button_letter_spacing__hover_enabled=&#187;off&#187; button_one_letter_spacing__hover_enabled=&#187;off&#187; button_two_letter_spacing__hover_enabled=&#187;off&#187; button_bg_color__hover_enabled=&#187;off&#187; button_one_bg_color__hover_enabled=&#187;off&#187; button_two_bg_color__hover_enabled=&#187;off&#187;][\/et_pb_contact_field][\/et_pb_contact_form][et_pb_text _builder_version=&#187;4.17.4&#8243; _module_preset=&#187;default&#187; text_font_size=&#187;12px&#187; text_orientation=&#187;center&#187; global_colors_info=&#187;{}&#187;]This site is protected by reCAPTCHA and the Google <a href=\"https:\/\/policies.google.com\/privacy\">Privacy Policy<\/a> and <a href=\"https:\/\/policies.google.com\/terms\">Terms of Service<\/a> apply.[\/et_pb_text][\/et_pb_column][\/et_pb_row][\/et_pb_section]<\/p>\n","protected":false},"excerpt":{"rendered":"<p>BauheizungVermietung und InstallationBauheizung und FestzeltheizungOb Baustellen, Festzelte, Produktions- und Lagerhallen, Gew\u00e4chsh\u00e4user oder Sporthallen \u2013 wir sind Ihr verl\u00e4sslicher Partner f\u00fcr tempor\u00e4re Heizl\u00f6sungen. Unsere Elektro-, \u00d6l- und Gas Heizger\u00e4te sorgen in jeder Situation f\u00fcr eine effiziente und sichere Beheizung. AMS ist spezialisiert in der Trocknung von Neu- und Rohbauten. Durch \u00fcbersch\u00fcssiges Abbindwasser, Regen w\u00e4hrend der Rohbauphase, [&hellip;]<\/p>\n","protected":false},"author":1,"featured_media":0,"parent":0,"menu_order":0,"comment_status":"closed","ping_status":"closed","template":"","meta":{"_et_pb_use_builder":"on","_et_pb_old_content":"","_et_gb_content_width":"","inline_featured_image":false,"footnotes":""},"class_list":["post-521","page","type-page","status-publish","hentry"],"_links":{"self":[{"href":"https:\/\/ams-ag.ch\/fr\/wp-json\/wp\/v2\/pages\/521","targetHints":{"allow":["GET"]}}],"collection":[{"href":"https:\/\/ams-ag.ch\/fr\/wp-json\/wp\/v2\/pages"}],"about":[{"href":"https:\/\/ams-ag.ch\/fr\/wp-json\/wp\/v2\/types\/page"}],"author":[{"embeddable":true,"href":"https:\/\/ams-ag.ch\/fr\/wp-json\/wp\/v2\/users\/1"}],"replies":[{"embeddable":true,"href":"https:\/\/ams-ag.ch\/fr\/wp-json\/wp\/v2\/comments?post=521"}],"version-history":[{"count":14,"href":"https:\/\/ams-ag.ch\/fr\/wp-json\/wp\/v2\/pages\/521\/revisions"}],"predecessor-version":[{"id":1480,"href":"https:\/\/ams-ag.ch\/fr\/wp-json\/wp\/v2\/pages\/521\/revisions\/1480"}],"wp:attachment":[{"href":"https:\/\/ams-ag.ch\/fr\/wp-json\/wp\/v2\/media?parent=521"}],"curies":[{"name":"wp","href":"https:\/\/api.w.org\/{rel}","templated":true}]}}