{"id":514,"date":"2022-05-17T11:59:39","date_gmt":"2022-05-17T11:59:39","guid":{"rendered":"https:\/\/ams-ag.ch\/?page_id=514"},"modified":"2023-11-14T10:19:47","modified_gmt":"2023-11-14T10:19:47","slug":"bautrocknung","status":"publish","type":"page","link":"https:\/\/ams-ag.ch\/fr\/bautrocknung\/","title":{"rendered":"D\u00e9shumidification de chantier"},"content":{"rendered":"<p>[et_pb_section fb_built=&#187;1&#8243; custom_padding_last_edited=&#187;on|phone&#187; _builder_version=&#187;4.23&#8243; _module_preset=&#187;default&#187; background_image=&#187;https:\/\/ams-ag.ch\/wp-content\/uploads\/2022\/05\/Bautrocknung-ams-staub.webp&#187; custom_padding=&#187;15rem||15rem||true|false&#187; custom_padding_tablet=&#187;15rem||15rem||true|false&#187; custom_padding_phone=&#187;5rem||5rem||true|false&#187; hover_enabled=&#187;0&#8243; global_colors_info=&#187;{}&#187; alt=&#187;Bautrocknung-ams-staub&#187; title_text=&#187;Bautrocknung-ams-staub&#187; sticky_enabled=&#187;0&#8243;][et_pb_row column_structure=&#187;1_2,1_2&#8243; _builder_version=&#187;4.17.3&#8243; _module_preset=&#187;default&#187; global_colors_info=&#187;{}&#187;][et_pb_column type=&#187;1_2&#8243; _builder_version=&#187;4.17.3&#8243; _module_preset=&#187;default&#187; global_colors_info=&#187;{}&#187;][et_pb_text _builder_version=&#187;4.17.4&#8243; _module_preset=&#187;default&#187; header_font=&#187;Montserrat|||on|||||&#187; header_text_color=&#187;#FFFFFF&#187; header_font_size=&#187;28px&#187; background_color=&#187;#1692D8&#8243; text_orientation=&#187;center&#187; custom_margin=&#187;0px|0px|0px|0px|true|true&#187; custom_padding=&#187;11px|0px|6px|0px|false|true&#187; global_colors_info=&#187;{}&#187;]<\/p>\n<h1>Bautrocknung<\/h1>\n<p>[\/et_pb_text][et_pb_text _builder_version=&#187;4.17.4&#8243; _module_preset=&#187;default&#187; header_font=&#187;Montserrat|||on|||||&#187; header_text_color=&#187;#FFFFFF&#187; header_font_size=&#187;34px&#187; header_2_font=&#187;Montserrat|||on|||||&#187; header_2_text_color=&#187;#FFFFFF&#187; header_2_font_size=&#187;22px&#187; background_color=&#187;#1692D8&#8243; text_orientation=&#187;center&#187; custom_margin=&#187;10px||||false|false&#187; custom_padding=&#187;11px||6px||false|false&#187; global_colors_info=&#187;{}&#187;]<\/p>\n<h2>Neu- und Rohbauten<\/h2>\n<p>[\/et_pb_text][\/et_pb_column][et_pb_column type=&#187;1_2&#8243; _builder_version=&#187;4.17.3&#8243; _module_preset=&#187;default&#187; global_colors_info=&#187;{}&#187;][\/et_pb_column][\/et_pb_row][\/et_pb_section][et_pb_section fb_built=&#187;1&#8243; _builder_version=&#187;4.17.3&#8243; _module_preset=&#187;default&#187; background_enable_color=&#187;off&#187; global_colors_info=&#187;{}&#187;][et_pb_row _builder_version=&#187;4.17.3&#8243; _module_preset=&#187;default&#187; global_colors_info=&#187;{}&#187;][et_pb_column type=&#187;4_4&#8243; _builder_version=&#187;4.17.3&#8243; _module_preset=&#187;default&#187; global_colors_info=&#187;{}&#187;][et_pb_text _builder_version=&#187;4.17.4&#8243; _module_preset=&#187;default&#187; header_2_font=&#187;|600||on|||||&#187; header_2_text_align=&#187;center&#187; header_2_text_color=&#187;#1692D8&#8243; global_colors_info=&#187;{}&#187;]<\/p>\n<h2>Bautrocknung<\/h2>\n<p>[\/et_pb_text][et_pb_text _builder_version=&#187;4.17.4&#8243; _module_preset=&#187;default&#187; text_font=&#187;Montserrat|300|||||||&#187; text_text_color=&#187;#131313&#8243; text_font_size=&#187;16px&#187; global_colors_info=&#187;{}&#187;]AMS ist spezialisiert in der Trocknung von Neu- und Rohbauten. Durch \u00fcbersch\u00fcssiges Abbindwasser, Regen w\u00e4hrend der Rohbauphase, nass eingebrachte Baustoffe, Kondensations- oder Schwitzwasserbildung und andere nicht voraussehbare Wasserzufuhren, kann eine \u00fcberh\u00f6hte Feuchtigkeit im Bau entstehen. Dies verz\u00f6gert den Arbeitsfortgang und den Terminablauf. Wenn n\u00f6tig wird das Wasser abgesaugt und anschliessend die Trocknung, bei Bedarf mittels K\u00e4lte- oder Adsorptionstrockner, so rasch wie m\u00f6glich und ohne Folgesch\u00e4den eingeleitet.[\/et_pb_text][\/et_pb_column][\/et_pb_row][\/et_pb_section][et_pb_section fb_built=&#187;1&#8243; _builder_version=&#187;4.17.3&#8243; _module_preset=&#187;default&#187; background_color=&#187;#f9f9f9&#8243; global_colors_info=&#187;{}&#187;][et_pb_row _builder_version=&#187;4.17.3&#8243; _module_preset=&#187;default&#187; global_colors_info=&#187;{}&#187;][et_pb_column type=&#187;4_4&#8243; _builder_version=&#187;4.17.3&#8243; _module_preset=&#187;default&#187; global_colors_info=&#187;{}&#187;][et_pb_text _builder_version=&#187;4.17.3&#8243; _module_preset=&#187;default&#187; header_2_font=&#187;|600||on|||||&#187; header_2_text_color=&#187;#1692D8&#8243; global_colors_info=&#187;{}&#187;]<\/p>\n<h2>Unser Handwerk<\/h2>\n<p>[\/et_pb_text][\/et_pb_column][\/et_pb_row][et_pb_row column_structure=&#187;1_3,1_3,1_3&#8243; _builder_version=&#187;4.17.3&#8243; _module_preset=&#187;default&#187; global_colors_info=&#187;{}&#187;][et_pb_column type=&#187;1_3&#8243; _builder_version=&#187;4.17.3&#8243; _module_preset=&#187;default&#187; global_colors_info=&#187;{}&#187;][et_pb_image src=&#187;https:\/\/ams-ag.ch\/wp-content\/uploads\/2022\/05\/ams-ag-bautrocknung-1.jpg&#187; title_text=&#187;ams-ag-bautrocknung-1&#8243; _builder_version=&#187;4.17.4&#8243; _module_preset=&#187;default&#187; global_colors_info=&#187;{}&#187;][\/et_pb_image][\/et_pb_column][et_pb_column type=&#187;1_3&#8243; _builder_version=&#187;4.17.3&#8243; _module_preset=&#187;default&#187; global_colors_info=&#187;{}&#187;][et_pb_image src=&#187;https:\/\/ams-ag.ch\/wp-content\/uploads\/2022\/05\/ams-ag-bautrocknung_3.jpg&#187; title_text=&#187;ams-ag-bautrocknung_3&#8243; _builder_version=&#187;4.17.4&#8243; _module_preset=&#187;default&#187; global_colors_info=&#187;{}&#187;][\/et_pb_image][\/et_pb_column][et_pb_column type=&#187;1_3&#8243; _builder_version=&#187;4.17.3&#8243; _module_preset=&#187;default&#187; global_colors_info=&#187;{}&#187;][et_pb_image src=&#187;https:\/\/ams-ag.ch\/wp-content\/uploads\/2022\/05\/ams-ag-bautrocknung-2.jpg&#187; title_text=&#187;ams-ag-bautrocknung-2&#8243; _builder_version=&#187;4.17.4&#8243; _module_preset=&#187;default&#187; global_colors_info=&#187;{}&#187;][\/et_pb_image][\/et_pb_column][\/et_pb_row][\/et_pb_section]<\/p>\n","protected":false},"excerpt":{"rendered":"<p>BautrocknungNeu- und RohbautenBautrocknungAMS ist spezialisiert in der Trocknung von Neu- und Rohbauten. Durch \u00fcbersch\u00fcssiges Abbindwasser, Regen w\u00e4hrend der Rohbauphase, nass eingebrachte Baustoffe, Kondensations- oder Schwitzwasserbildung und andere nicht voraussehbare Wasserzufuhren, kann eine \u00fcberh\u00f6hte Feuchtigkeit im Bau entstehen. Dies verz\u00f6gert den Arbeitsfortgang und den Terminablauf. Wenn n\u00f6tig wird das Wasser abgesaugt und anschliessend die Trocknung, bei [&hellip;]<\/p>\n","protected":false},"author":1,"featured_media":0,"parent":0,"menu_order":0,"comment_status":"closed","ping_status":"closed","template":"","meta":{"_et_pb_use_builder":"on","_et_pb_old_content":"","_et_gb_content_width":"","inline_featured_image":false,"footnotes":""},"class_list":["post-514","page","type-page","status-publish","hentry"],"_links":{"self":[{"href":"https:\/\/ams-ag.ch\/fr\/wp-json\/wp\/v2\/pages\/514","targetHints":{"allow":["GET"]}}],"collection":[{"href":"https:\/\/ams-ag.ch\/fr\/wp-json\/wp\/v2\/pages"}],"about":[{"href":"https:\/\/ams-ag.ch\/fr\/wp-json\/wp\/v2\/types\/page"}],"author":[{"embeddable":true,"href":"https:\/\/ams-ag.ch\/fr\/wp-json\/wp\/v2\/users\/1"}],"replies":[{"embeddable":true,"href":"https:\/\/ams-ag.ch\/fr\/wp-json\/wp\/v2\/comments?post=514"}],"version-history":[{"count":5,"href":"https:\/\/ams-ag.ch\/fr\/wp-json\/wp\/v2\/pages\/514\/revisions"}],"predecessor-version":[{"id":977,"href":"https:\/\/ams-ag.ch\/fr\/wp-json\/wp\/v2\/pages\/514\/revisions\/977"}],"wp:attachment":[{"href":"https:\/\/ams-ag.ch\/fr\/wp-json\/wp\/v2\/media?parent=514"}],"curies":[{"name":"wp","href":"https:\/\/api.w.org\/{rel}","templated":true}]}}