{"id":367,"date":"2022-05-16T12:07:47","date_gmt":"2022-05-16T12:07:47","guid":{"rendered":"https:\/\/ams-ag.ch\/?page_id=367"},"modified":"2022-06-01T10:57:37","modified_gmt":"2022-06-01T10:57:37","slug":"impressum","status":"publish","type":"page","link":"https:\/\/ams-ag.ch\/fr\/impressum\/","title":{"rendered":"Impressum"},"content":{"rendered":"<h5 class=\"wp-block-heading\">Adresse de contact<\/h5>\n\n\n\n<p>AMS ASSECHEMENT SA<a href=\"https:\/\/www.google.com\/maps\/place\/AMS+Austrocknungs+AG\/@47.052005,7.280161,15z\/data=!4m5!3m4!1s0x0:0x392fee52cd3e6086!8m2!3d47.052005!4d7.280161\"><br><\/a>Chr\u00e4jeninsel 9<br>3270 Aarberg<br>Courrier \u00e9lectronique : aarberg@ams-ag.ch<\/p>\n\n\n\n<h5 class=\"wp-block-heading\">Office&nbsp;<\/h5>\n\n\n\n<p>Chr\u00e4jeninsel 9, 3270 Aarberg<\/p>\n\n\n\n<h5 class=\"wp-block-heading\">Clause de non-responsabilit\u00e9<\/h5>\n\n\n\n<p>L'auteur n'assume aucune responsabilit\u00e9 quant \u00e0 l'exactitude, la pr\u00e9cision, l'actualit\u00e9, la fiabilit\u00e9 et l'exhaustivit\u00e9 du contenu des informations. L'auteur ne saurait \u00eatre tenu responsable des dommages mat\u00e9riels ou immat\u00e9riels qui pourraient \u00eatre caus\u00e9s par l'acc\u00e8s aux informations diffus\u00e9es ou par leur utilisation ou non-utilisation, par le mauvais usage de la connexion ou par des probl\u00e8mes techniques.<br>Toutes les offres sont sans engagement. L'auteur se r\u00e9serve express\u00e9ment le droit de modifier, de compl\u00e9ter ou de supprimer des parties de pages ou l'ensemble de l'offre sans pr\u00e9avis particulier, ou d'en suspendre temporairement ou d\u00e9finitivement la publication.<\/p>\n\n\n\n<h5 class=\"wp-block-heading\">Clause de non-responsabilit\u00e9 pour les liens<\/h5>\n\n\n\n<p>Les renvois et liens vers des sites web de tiers ne rel\u00e8vent pas de notre responsabilit\u00e9. Nous d\u00e9clinons toute responsabilit\u00e9 pour de tels sites web. L'acc\u00e8s \u00e0 de tels sites et leur utilisation se font aux risques et p\u00e9rils de l'utilisateur.<\/p>\n\n\n\n<h5 class=\"wp-block-heading\">Droits d'auteur<\/h5>\n\n\n\n<p>Les droits d'auteur et tous les autres droits li\u00e9s aux contenus, images, photos ou autres fichiers figurant sur ce site Internet appartiennent exclusivement \u00e0 la soci\u00e9t\u00e9 AMS Austrocknungs AG ou aux d\u00e9tenteurs de droits sp\u00e9cialement cit\u00e9s. L'autorisation \u00e9crite du d\u00e9tenteur des droits d'auteur doit \u00eatre obtenue au pr\u00e9alable pour la reproduction de tout \u00e9l\u00e9ment.<\/p>\n\n\n\n<p>Source : SwissAnwalt&nbsp;<a href=\"http:\/\/www.swissanwalt.ch\/\" target=\"_blank\" rel=\"noreferrer noopener\">www.swissanwalt.ch<\/a><\/p>","protected":false},"excerpt":{"rendered":"<p>Kontakt-Adresse AMS Austrocknungs AGChr\u00e4jeninsel 93270 AarbergE-Mail: aarberg@ams-ag.ch Office&nbsp; Chr\u00e4jeninsel 9, 3270 Aarberg Haftungsausschluss Der Autor \u00fcbernimmt keinerlei Gew\u00e4hr hinsichtlich der inhaltlichen Richtigkeit, Genauigkeit, Aktualit\u00e4t, Zuverl\u00e4ssigkeit und Vollst\u00e4ndigkeit der Informationen.Haftungsanspr\u00fcche gegen den Autor wegen Sch\u00e4den materieller oder immaterieller Art, welche aus dem Zugriff oder der Nutzung bzw. Nichtnutzung der ver\u00f6ffentlichten Informationen, durch Missbrauch der Verbindung oder [&hellip;]<\/p>\n","protected":false},"author":1,"featured_media":0,"parent":0,"menu_order":0,"comment_status":"closed","ping_status":"closed","template":"","meta":{"_et_pb_use_builder":"","_et_pb_old_content":"","_et_gb_content_width":"1080","inline_featured_image":false,"footnotes":""},"class_list":["post-367","page","type-page","status-publish","hentry"],"_links":{"self":[{"href":"https:\/\/ams-ag.ch\/fr\/wp-json\/wp\/v2\/pages\/367","targetHints":{"allow":["GET"]}}],"collection":[{"href":"https:\/\/ams-ag.ch\/fr\/wp-json\/wp\/v2\/pages"}],"about":[{"href":"https:\/\/ams-ag.ch\/fr\/wp-json\/wp\/v2\/types\/page"}],"author":[{"embeddable":true,"href":"https:\/\/ams-ag.ch\/fr\/wp-json\/wp\/v2\/users\/1"}],"replies":[{"embeddable":true,"href":"https:\/\/ams-ag.ch\/fr\/wp-json\/wp\/v2\/comments?post=367"}],"version-history":[{"count":2,"href":"https:\/\/ams-ag.ch\/fr\/wp-json\/wp\/v2\/pages\/367\/revisions"}],"predecessor-version":[{"id":701,"href":"https:\/\/ams-ag.ch\/fr\/wp-json\/wp\/v2\/pages\/367\/revisions\/701"}],"wp:attachment":[{"href":"https:\/\/ams-ag.ch\/fr\/wp-json\/wp\/v2\/media?parent=367"}],"curies":[{"name":"wp","href":"https:\/\/api.w.org\/{rel}","templated":true}]}}