{"id":3,"date":"2022-05-10T09:40:47","date_gmt":"2022-05-10T09:40:47","guid":{"rendered":"https:\/\/ams-ag.ch\/?page_id=3"},"modified":"2022-05-16T12:05:53","modified_gmt":"2022-05-16T12:05:53","slug":"datenschutzerklaerung","status":"publish","type":"page","link":"https:\/\/ams-ag.ch\/fr\/datenschutzerklaerung\/","title":{"rendered":"D\u00e9claration de confidentialit\u00e9"},"content":{"rendered":"<h2 class=\"wp-block-heading\">Qui sommes-nous ?<\/h2>\n\n\n\n<p>L'adresse de notre site web est <a href=\"https:\/\/ams-ag.ch\/fr\/\">https:\/\/ams-ag.ch\/<\/a><\/p>\n\n\n\n<h2 class=\"wp-block-heading\">Commentaires<\/h2>\n\n\n\n<p>Lorsque les visiteurs \u00e9crivent des commentaires sur le site, nous collectons les donn\u00e9es affich\u00e9es dans le formulaire de commentaire, ainsi que l'adresse IP du visiteur et la cha\u00eene de l'agent utilisateur (qui permet d'identifier le navigateur) afin d'aider \u00e0 la d\u00e9tection des spams.<\/p>\n\n\n\n<p>Une cha\u00eene de caract\u00e8res anonymis\u00e9e (\u00e9galement appel\u00e9e hash) peut \u00eatre cr\u00e9\u00e9e \u00e0 partir de votre adresse e-mail et transmise au service Gravatar afin de v\u00e9rifier si vous l'utilisez. Vous trouverez la d\u00e9claration de confidentialit\u00e9 du service Gravatar ici : https:\/\/automattic.com\/privacy\/. Une fois que votre commentaire a \u00e9t\u00e9 valid\u00e9, votre photo de profil est visible publiquement dans le contexte de votre commentaire.<\/p>\n\n\n\n<h2 class=\"wp-block-heading\">M\u00e9dias<\/h2>\n\n\n\n<p>Si vous \u00eates un utilisateur enregistr\u00e9 et que vous t\u00e9l\u00e9chargez des photos sur ce site, vous devez \u00e9viter de t\u00e9l\u00e9charger des photos avec une localisation EXIF-GPS. Les visiteurs de ce site pourraient t\u00e9l\u00e9charger des photos stock\u00e9es sur ce site et en extraire les informations de localisation.<\/p>\n\n\n\n<h2 class=\"wp-block-heading\">Cookies<\/h2>\n\n\n\n<p>Lorsque vous \u00e9crivez un commentaire sur notre site web, cela peut constituer un consentement pour que votre nom, votre adresse e-mail et votre site web soient enregistr\u00e9s dans des cookies. Il s'agit d'une fonction de confort qui vous \u00e9vite de devoir saisir \u00e0 nouveau toutes ces donn\u00e9es lorsque vous \u00e9crivez un autre commentaire. Ces cookies sont conserv\u00e9s pendant un an.<\/p>\n\n\n\n<p>Si vous avez un compte et que vous vous connectez \u00e0 ce site, nous placerons un cookie temporaire afin de d\u00e9terminer si votre navigateur accepte les cookies. Ce cookie ne contient aucune donn\u00e9e personnelle et est d\u00e9truit lorsque vous fermez votre navigateur.<\/p>\n\n\n\n<p>Lorsque vous vous inscrivez, nous configurons certains cookies pour stocker vos informations de connexion et vos options d'affichage. Les cookies de connexion expirent apr\u00e8s deux jours et les cookies des options d'affichage apr\u00e8s un an. Si vous s\u00e9lectionnez \"Rester connect\u00e9\" lors de votre inscription, votre inscription sera maintenue pendant deux semaines. Lorsque vous vous d\u00e9connectez de votre compte, les cookies de connexion sont supprim\u00e9s.<\/p>\n\n\n\n<p>Lorsque vous modifiez ou publiez un article, un cookie suppl\u00e9mentaire est enregistr\u00e9 dans votre navigateur. Ce cookie ne contient aucune donn\u00e9e personnelle et renvoie uniquement \u00e0 l'ID de l'article que vous venez de modifier. Le cookie expire au bout d'un jour.<\/p>\n\n\n\n<h2 class=\"wp-block-heading\">Contenu int\u00e9gr\u00e9 d'autres sites web<\/h2>\n\n\n\n<p>Les contributions sur ce site web peuvent contenir des contenus int\u00e9gr\u00e9s (par exemple des vid\u00e9os, des images, des articles, etc.). Les contenus int\u00e9gr\u00e9s provenant d'autres sites web se comportent exactement comme si le visiteur avait visit\u00e9 l'autre site web.<\/p>\n\n\n\n<p>Ces sites peuvent collecter des donn\u00e9es vous concernant, utiliser des cookies, int\u00e9grer des services de suivi suppl\u00e9mentaires de tiers et enregistrer votre interaction avec ce contenu int\u00e9gr\u00e9, y compris votre interaction avec le contenu int\u00e9gr\u00e9 si vous avez un compte et \u00eates connect\u00e9 \u00e0 ce site.<\/p>\n\n\n\n<h2 class=\"wp-block-heading\">Avec qui nous partageons vos donn\u00e9es<\/h2>\n\n\n\n<p>Si vous demandez une r\u00e9initialisation de votre mot de passe, votre adresse IP sera incluse dans l'e-mail de r\u00e9initialisation.<\/p>\n\n\n\n<h2 class=\"wp-block-heading\">Combien de temps nous conservons vos donn\u00e9es<\/h2>\n\n\n\n<p>Lorsque vous \u00e9crivez un commentaire, celui-ci est enregistr\u00e9 pour une dur\u00e9e illimit\u00e9e, y compris les m\u00e9tadonn\u00e9es. De cette mani\u00e8re, nous pouvons reconna\u00eetre et valider automatiquement les commentaires de suivi au lieu de les garder dans une file d'attente de mod\u00e9ration.<\/p>\n\n\n\n<p>Pour les utilisateurs qui s'inscrivent sur notre site, nous conservons en outre les informations personnelles qu'ils fournissent dans leur profil d'utilisateur. Tous les utilisateurs peuvent \u00e0 tout moment consulter, modifier ou supprimer leurs informations personnelles (le nom d'utilisateur ne peut pas \u00eatre modifi\u00e9). Les administrateurs du site peuvent \u00e9galement consulter et modifier ces informations.<\/p>\n\n\n\n<h2 class=\"wp-block-heading\">Quels sont vos droits sur vos donn\u00e9es ?<\/h2>\n\n\n\n<p>Si vous avez un compte sur ce site ou si vous avez \u00e9crit des commentaires, vous pouvez nous demander d'exporter vos donn\u00e9es personnelles, y compris toutes les donn\u00e9es que vous nous avez fournies. En outre, vous pouvez demander la suppression de toutes les donn\u00e9es personnelles que nous d\u00e9tenons \u00e0 votre sujet. Cela ne comprend pas les donn\u00e9es que nous devons conserver en raison de n\u00e9cessit\u00e9s administratives, juridiques ou de s\u00e9curit\u00e9.<\/p>\n\n\n\n<h2 class=\"wp-block-heading\">O\u00f9 nous envoyons vos donn\u00e9es<\/h2>\n\n\n\n<p>Les commentaires des visiteurs pourraient \u00eatre examin\u00e9s par un service automatis\u00e9 de d\u00e9tection des spams.<\/p>","protected":false},"excerpt":{"rendered":"<p>Wer wir sind Die Adresse unserer Website ist: https:\/\/ams-ag.ch\/ Kommentare Wenn Besucher Kommentare auf der Website schreiben, sammeln wir die Daten, die im Kommentar-Formular angezeigt werden, ausserdem die IP-Adresse des Besuchers und den User-Agent-String (damit wird der Browser identifiziert), um die Erkennung von Spam zu unterst\u00fctzen. Aus Ihrer E-Mail-Adresse kann eine anonymisierte Zeichenfolge erstellt (auch [&hellip;]<\/p>\n","protected":false},"author":1,"featured_media":0,"parent":0,"menu_order":0,"comment_status":"closed","ping_status":"closed","template":"","meta":{"_et_pb_use_builder":"","_et_pb_old_content":"","_et_gb_content_width":"1080","inline_featured_image":false,"footnotes":""},"class_list":["post-3","page","type-page","status-publish","hentry"],"_links":{"self":[{"href":"https:\/\/ams-ag.ch\/fr\/wp-json\/wp\/v2\/pages\/3","targetHints":{"allow":["GET"]}}],"collection":[{"href":"https:\/\/ams-ag.ch\/fr\/wp-json\/wp\/v2\/pages"}],"about":[{"href":"https:\/\/ams-ag.ch\/fr\/wp-json\/wp\/v2\/types\/page"}],"author":[{"embeddable":true,"href":"https:\/\/ams-ag.ch\/fr\/wp-json\/wp\/v2\/users\/1"}],"replies":[{"embeddable":true,"href":"https:\/\/ams-ag.ch\/fr\/wp-json\/wp\/v2\/comments?post=3"}],"version-history":[{"count":1,"href":"https:\/\/ams-ag.ch\/fr\/wp-json\/wp\/v2\/pages\/3\/revisions"}],"predecessor-version":[{"id":366,"href":"https:\/\/ams-ag.ch\/fr\/wp-json\/wp\/v2\/pages\/3\/revisions\/366"}],"wp:attachment":[{"href":"https:\/\/ams-ag.ch\/fr\/wp-json\/wp\/v2\/media?parent=3"}],"curies":[{"name":"wp","href":"https:\/\/api.w.org\/{rel}","templated":true}]}}